{"id":30,"date":"2023-09-18T09:50:17","date_gmt":"2023-09-18T12:50:17","guid":{"rendered":"https:\/\/educacaointegral.org.br\/especiais\/seminario-educacao-integral-em-debate-2023\/?page_id=30"},"modified":"2023-09-18T09:58:23","modified_gmt":"2023-09-18T12:58:23","slug":"certificado","status":"publish","type":"page","link":"https:\/\/educacaointegral.org.br\/especiais\/seminario-educacao-integral-em-debate-2023\/certificado\/","title":{"rendered":"Certificado"},"content":{"rendered":"<div role=\"form\" class=\"wpcf7\" id=\"wpcf7-f33-o1\" lang=\"pt-BR\" dir=\"ltr\">\n<div class=\"screen-reader-response\"><p role=\"status\" aria-live=\"polite\" aria-atomic=\"true\"><\/p> <ul><\/ul><\/div>\n<form action=\"\/especiais\/seminario-educacao-integral-em-debate-2023\/wp-json\/wp\/v2\/pages\/30#wpcf7-f33-o1\" method=\"post\" class=\"wpcf7-form init\" novalidate=\"novalidate\" data-status=\"init\">\n<div style=\"display: none;\">\n<input type=\"hidden\" name=\"_wpcf7\" value=\"33\" \/>\n<input type=\"hidden\" name=\"_wpcf7_version\" value=\"5.6.4\" \/>\n<input type=\"hidden\" name=\"_wpcf7_locale\" value=\"pt_BR\" \/>\n<input type=\"hidden\" name=\"_wpcf7_unit_tag\" value=\"wpcf7-f33-o1\" \/>\n<input type=\"hidden\" name=\"_wpcf7_container_post\" value=\"0\" \/>\n<input type=\"hidden\" name=\"_wpcf7_posted_data_hash\" value=\"\" \/>\n<\/div>\n<h1>Certificado | Educa\u00e7\u00e3o Integral em Debate<\/h1>\n<div class=\"texto\">\nOl\u00e1! Voc\u00ea participou do Semin\u00e1rio Educa\u00e7\u00e3o Integral em Debate, realizado no dia 25\/09. Preencha as informa\u00e7\u00f5es a seguir para receber seu certificado de participa\u00e7\u00e3o por e-mail. \ud83d\ude42\n<\/div>\n<p><label><br \/>\nQual seu nome completo?<br \/>\n<span class=\"wpcf7-form-control-wrap\" data-name=\"user-name\"><input type=\"text\" name=\"user-name\" value=\"\" size=\"40\" class=\"wpcf7-form-control wpcf7-text wpcf7-validates-as-required form-item\" aria-required=\"true\" aria-invalid=\"false\" \/><\/span><br \/>\n<\/label><\/p>\n<p><label><br \/>\nQual o seu n\u00famero de RG?<br \/>\n<span class=\"wpcf7-form-control-wrap\" data-name=\"user-rg\"><input type=\"text\" name=\"user-rg\" value=\"\" size=\"40\" class=\"wpcf7-form-control wpcf7-text wpcf7-validates-as-required form-item\" aria-required=\"true\" aria-invalid=\"false\" \/><\/span><br \/>\n<\/label><\/p>\n<p><label><br \/>\nQual \u00e9 seu e-mail?<br \/>\n<span class=\"wpcf7-form-control-wrap\" data-name=\"user-email\"><input type=\"email\" name=\"user-email\" value=\"\" size=\"40\" class=\"wpcf7-form-control wpcf7-text wpcf7-email wpcf7-validates-as-required wpcf7-validates-as-email form-item\" aria-required=\"true\" aria-invalid=\"false\" \/><\/span><br \/>\n<\/label><\/p>\n<p><label><br \/>\nQual foi a sua opini\u00e3o sobre o semin\u00e1rio? Gostaria de deixar alguma sugest\u00e3o ou coment\u00e1rio?<br \/>\n<span class=\"wpcf7-form-control-wrap\" data-name=\"user-text\"><textarea name=\"user-text\" cols=\"40\" rows=\"10\" class=\"wpcf7-form-control wpcf7-textarea form-item\" aria-invalid=\"false\"><\/textarea><\/span><br \/>\n<\/label><\/p>\n<div class=\"texto\">\n<br><br \/>\nObrigada por participar! Voc\u00ea receber\u00e1 seu certificado por e-mail nos pr\u00f3ximos dias. \ud83d\ude42\n<\/div>\n<p><img id=\"form-image\" src=\"\"><\/p>\n<p><input type=\"submit\" value=\"Enviar\" class=\"wpcf7-form-control has-spinner wpcf7-submit\" \/><\/p>\n<p style=\"display: none !important;\" class=\"akismet-fields-container\" data-prefix=\"_wpcf7_ak_\"><label>&#916;<textarea name=\"_wpcf7_ak_hp_textarea\" cols=\"45\" rows=\"8\" maxlength=\"100\"><\/textarea><\/label><input type=\"hidden\" id=\"ak_js_1\" name=\"_wpcf7_ak_js\" value=\"205\"\/><script>document.getElementById( \"ak_js_1\" ).setAttribute( \"value\", ( new Date() ).getTime() );<\/script><\/p><div class=\"wpcf7-response-output\" aria-hidden=\"true\"><\/div><\/form><\/div>\n","protected":false},"excerpt":{"rendered":"","protected":false},"author":1,"featured_media":0,"parent":0,"menu_order":0,"comment_status":"closed","ping_status":"closed","template":"","meta":[],"yoast_head":"<!-- This site is optimized with the Yoast SEO plugin v19.13 - https:\/\/yoast.com\/wordpress\/plugins\/seo\/ -->\n<title>Certificado - Semin\u00e1rio Educa\u00e7\u00e3o Integral em Debate 2023<\/title>\n<meta name=\"robots\" content=\"index, follow, max-snippet:-1, max-image-preview:large, max-video-preview:-1\" \/>\n<link rel=\"canonical\" href=\"https:\/\/educacaointegral.org.br\/especiais\/seminario-educacao-integral-em-debate-2023\/certificado\/\" \/>\n<meta property=\"og:locale\" content=\"pt_BR\" \/>\n<meta property=\"og:type\" content=\"article\" \/>\n<meta property=\"og:title\" content=\"Certificado - Semin\u00e1rio Educa\u00e7\u00e3o Integral em Debate 2023\" \/>\n<meta property=\"og:url\" content=\"https:\/\/educacaointegral.org.br\/especiais\/seminario-educacao-integral-em-debate-2023\/certificado\/\" \/>\n<meta property=\"og:site_name\" content=\"Semin\u00e1rio Educa\u00e7\u00e3o Integral em Debate 2023\" \/>\n<meta property=\"article:modified_time\" content=\"2023-09-18T12:58:23+00:00\" \/>\n<meta property=\"og:image\" content=\"https:\/\/educacaointegral.org.br\/especiais\/seminario-educacao-integral-em-debate-2023\/wp-content\/uploads\/sites\/13\/2023\/09\/Copia-de-capa-1_youtube_pre-evento_v1-1024x576_resized.png\" \/>\n\t<meta property=\"og:image:width\" content=\"355\" \/>\n\t<meta property=\"og:image:height\" content=\"200\" \/>\n\t<meta property=\"og:image:type\" content=\"image\/png\" \/>\n<meta name=\"twitter:card\" content=\"summary_large_image\" \/>\n<script type=\"application\/ld+json\" class=\"yoast-schema-graph\">{\"@context\":\"https:\/\/schema.org\",\"@graph\":[{\"@type\":\"WebPage\",\"@id\":\"https:\/\/educacaointegral.org.br\/especiais\/seminario-educacao-integral-em-debate-2023\/certificado\/\",\"url\":\"https:\/\/educacaointegral.org.br\/especiais\/seminario-educacao-integral-em-debate-2023\/certificado\/\",\"name\":\"Certificado - Semin\u00e1rio Educa\u00e7\u00e3o Integral em Debate 2023\",\"isPartOf\":{\"@id\":\"https:\/\/educacaointegral.org.br\/especiais\/seminario-educacao-integral-em-debate-2023\/#website\"},\"datePublished\":\"2023-09-18T12:50:17+00:00\",\"dateModified\":\"2023-09-18T12:58:23+00:00\",\"breadcrumb\":{\"@id\":\"https:\/\/educacaointegral.org.br\/especiais\/seminario-educacao-integral-em-debate-2023\/certificado\/#breadcrumb\"},\"inLanguage\":\"pt-BR\",\"potentialAction\":[{\"@type\":\"ReadAction\",\"target\":[\"https:\/\/educacaointegral.org.br\/especiais\/seminario-educacao-integral-em-debate-2023\/certificado\/\"]}]},{\"@type\":\"BreadcrumbList\",\"@id\":\"https:\/\/educacaointegral.org.br\/especiais\/seminario-educacao-integral-em-debate-2023\/certificado\/#breadcrumb\",\"itemListElement\":[{\"@type\":\"ListItem\",\"position\":1,\"name\":\"In\u00edcio\",\"item\":\"https:\/\/educacaointegral.org.br\/especiais\/seminario-educacao-integral-em-debate-2023\/\"},{\"@type\":\"ListItem\",\"position\":2,\"name\":\"Certificado\"}]},{\"@type\":\"WebSite\",\"@id\":\"https:\/\/educacaointegral.org.br\/especiais\/seminario-educacao-integral-em-debate-2023\/#website\",\"url\":\"https:\/\/educacaointegral.org.br\/especiais\/seminario-educacao-integral-em-debate-2023\/\",\"name\":\"Semin\u00e1rio Educa\u00e7\u00e3o Integral em Debate 2023\",\"description\":\"Site desenvolvido para divulgar o Semin\u00e1rio Educa\u00e7\u00e3o Integral em Debate 2023\",\"publisher\":{\"@id\":\"https:\/\/educacaointegral.org.br\/especiais\/seminario-educacao-integral-em-debate-2023\/#organization\"},\"potentialAction\":[{\"@type\":\"SearchAction\",\"target\":{\"@type\":\"EntryPoint\",\"urlTemplate\":\"https:\/\/educacaointegral.org.br\/especiais\/seminario-educacao-integral-em-debate-2023\/?s={search_term_string}\"},\"query-input\":\"required name=search_term_string\"}],\"inLanguage\":\"pt-BR\"},{\"@type\":\"Organization\",\"@id\":\"https:\/\/educacaointegral.org.br\/especiais\/seminario-educacao-integral-em-debate-2023\/#organization\",\"name\":\"Semin\u00e1rio Educa\u00e7\u00e3o Integral em Debate 2023\",\"url\":\"https:\/\/educacaointegral.org.br\/especiais\/seminario-educacao-integral-em-debate-2023\/\",\"logo\":{\"@type\":\"ImageObject\",\"inLanguage\":\"pt-BR\",\"@id\":\"https:\/\/educacaointegral.org.br\/especiais\/seminario-educacao-integral-em-debate-2023\/#\/schema\/logo\/image\/\",\"url\":\"https:\/\/educacaointegral.org.br\/especiais\/seminario-educacao-integral-em-debate-2023\/wp-content\/uploads\/sites\/13\/2023\/09\/cropped-Artwork-2.png\",\"contentUrl\":\"https:\/\/educacaointegral.org.br\/especiais\/seminario-educacao-integral-em-debate-2023\/wp-content\/uploads\/sites\/13\/2023\/09\/cropped-Artwork-2.png\",\"width\":97,\"height\":40,\"caption\":\"Semin\u00e1rio Educa\u00e7\u00e3o Integral em Debate 2023\"},\"image\":{\"@id\":\"https:\/\/educacaointegral.org.br\/especiais\/seminario-educacao-integral-em-debate-2023\/#\/schema\/logo\/image\/\"}}]}<\/script>\n<!-- \/ Yoast SEO plugin. -->","yoast_head_json":{"title":"Certificado - Semin\u00e1rio Educa\u00e7\u00e3o Integral em Debate 2023","robots":{"index":"index","follow":"follow","max-snippet":"max-snippet:-1","max-image-preview":"max-image-preview:large","max-video-preview":"max-video-preview:-1"},"canonical":"https:\/\/educacaointegral.org.br\/especiais\/seminario-educacao-integral-em-debate-2023\/certificado\/","og_locale":"pt_BR","og_type":"article","og_title":"Certificado - Semin\u00e1rio Educa\u00e7\u00e3o Integral em Debate 2023","og_url":"https:\/\/educacaointegral.org.br\/especiais\/seminario-educacao-integral-em-debate-2023\/certificado\/","og_site_name":"Semin\u00e1rio Educa\u00e7\u00e3o Integral em Debate 2023","article_modified_time":"2023-09-18T12:58:23+00:00","og_image":[{"width":355,"height":200,"url":"https:\/\/educacaointegral.org.br\/especiais\/seminario-educacao-integral-em-debate-2023\/wp-content\/uploads\/sites\/13\/2023\/09\/Copia-de-capa-1_youtube_pre-evento_v1-1024x576_resized.png","type":"image\/png"}],"twitter_card":"summary_large_image","schema":{"@context":"https:\/\/schema.org","@graph":[{"@type":"WebPage","@id":"https:\/\/educacaointegral.org.br\/especiais\/seminario-educacao-integral-em-debate-2023\/certificado\/","url":"https:\/\/educacaointegral.org.br\/especiais\/seminario-educacao-integral-em-debate-2023\/certificado\/","name":"Certificado - Semin\u00e1rio Educa\u00e7\u00e3o Integral em Debate 2023","isPartOf":{"@id":"https:\/\/educacaointegral.org.br\/especiais\/seminario-educacao-integral-em-debate-2023\/#website"},"datePublished":"2023-09-18T12:50:17+00:00","dateModified":"2023-09-18T12:58:23+00:00","breadcrumb":{"@id":"https:\/\/educacaointegral.org.br\/especiais\/seminario-educacao-integral-em-debate-2023\/certificado\/#breadcrumb"},"inLanguage":"pt-BR","potentialAction":[{"@type":"ReadAction","target":["https:\/\/educacaointegral.org.br\/especiais\/seminario-educacao-integral-em-debate-2023\/certificado\/"]}]},{"@type":"BreadcrumbList","@id":"https:\/\/educacaointegral.org.br\/especiais\/seminario-educacao-integral-em-debate-2023\/certificado\/#breadcrumb","itemListElement":[{"@type":"ListItem","position":1,"name":"In\u00edcio","item":"https:\/\/educacaointegral.org.br\/especiais\/seminario-educacao-integral-em-debate-2023\/"},{"@type":"ListItem","position":2,"name":"Certificado"}]},{"@type":"WebSite","@id":"https:\/\/educacaointegral.org.br\/especiais\/seminario-educacao-integral-em-debate-2023\/#website","url":"https:\/\/educacaointegral.org.br\/especiais\/seminario-educacao-integral-em-debate-2023\/","name":"Semin\u00e1rio Educa\u00e7\u00e3o Integral em Debate 2023","description":"Site desenvolvido para divulgar o Semin\u00e1rio Educa\u00e7\u00e3o Integral em Debate 2023","publisher":{"@id":"https:\/\/educacaointegral.org.br\/especiais\/seminario-educacao-integral-em-debate-2023\/#organization"},"potentialAction":[{"@type":"SearchAction","target":{"@type":"EntryPoint","urlTemplate":"https:\/\/educacaointegral.org.br\/especiais\/seminario-educacao-integral-em-debate-2023\/?s={search_term_string}"},"query-input":"required name=search_term_string"}],"inLanguage":"pt-BR"},{"@type":"Organization","@id":"https:\/\/educacaointegral.org.br\/especiais\/seminario-educacao-integral-em-debate-2023\/#organization","name":"Semin\u00e1rio Educa\u00e7\u00e3o Integral em Debate 2023","url":"https:\/\/educacaointegral.org.br\/especiais\/seminario-educacao-integral-em-debate-2023\/","logo":{"@type":"ImageObject","inLanguage":"pt-BR","@id":"https:\/\/educacaointegral.org.br\/especiais\/seminario-educacao-integral-em-debate-2023\/#\/schema\/logo\/image\/","url":"https:\/\/educacaointegral.org.br\/especiais\/seminario-educacao-integral-em-debate-2023\/wp-content\/uploads\/sites\/13\/2023\/09\/cropped-Artwork-2.png","contentUrl":"https:\/\/educacaointegral.org.br\/especiais\/seminario-educacao-integral-em-debate-2023\/wp-content\/uploads\/sites\/13\/2023\/09\/cropped-Artwork-2.png","width":97,"height":40,"caption":"Semin\u00e1rio Educa\u00e7\u00e3o Integral em Debate 2023"},"image":{"@id":"https:\/\/educacaointegral.org.br\/especiais\/seminario-educacao-integral-em-debate-2023\/#\/schema\/logo\/image\/"}}]}},"_links":{"self":[{"href":"https:\/\/educacaointegral.org.br\/especiais\/seminario-educacao-integral-em-debate-2023\/wp-json\/wp\/v2\/pages\/30"}],"collection":[{"href":"https:\/\/educacaointegral.org.br\/especiais\/seminario-educacao-integral-em-debate-2023\/wp-json\/wp\/v2\/pages"}],"about":[{"href":"https:\/\/educacaointegral.org.br\/especiais\/seminario-educacao-integral-em-debate-2023\/wp-json\/wp\/v2\/types\/page"}],"author":[{"embeddable":true,"href":"https:\/\/educacaointegral.org.br\/especiais\/seminario-educacao-integral-em-debate-2023\/wp-json\/wp\/v2\/users\/1"}],"replies":[{"embeddable":true,"href":"https:\/\/educacaointegral.org.br\/especiais\/seminario-educacao-integral-em-debate-2023\/wp-json\/wp\/v2\/comments?post=30"}],"version-history":[{"count":2,"href":"https:\/\/educacaointegral.org.br\/especiais\/seminario-educacao-integral-em-debate-2023\/wp-json\/wp\/v2\/pages\/30\/revisions"}],"predecessor-version":[{"id":34,"href":"https:\/\/educacaointegral.org.br\/especiais\/seminario-educacao-integral-em-debate-2023\/wp-json\/wp\/v2\/pages\/30\/revisions\/34"}],"wp:attachment":[{"href":"https:\/\/educacaointegral.org.br\/especiais\/seminario-educacao-integral-em-debate-2023\/wp-json\/wp\/v2\/media?parent=30"}],"curies":[{"name":"wp","href":"https:\/\/api.w.org\/{rel}","templated":true}]}}