{"id":93,"date":"2022-07-08T17:47:10","date_gmt":"2022-07-08T20:47:10","guid":{"rendered":"https:\/\/educacaointegral.org.br\/especiais\/rotas-e-redes-literarias-santa-rita\/?page_id=93"},"modified":"2022-07-08T17:54:23","modified_gmt":"2022-07-08T20:54:23","slug":"premissas-2","status":"publish","type":"page","link":"https:\/\/educacaointegral.org.br\/especiais\/rotas-e-redes-literarias-santa-rita\/estrategias\/praticas-de-leitura\/premissas-2\/","title":{"rendered":"Premissas"},"content":{"rendered":"\n<div class=\"wp-block-create-block-titulo-pontilhado\"><h2 class=\"titulo-pontilhado\">Apresentar uma diversidade de textos e leituras<\/h2><img src=\"https:\/\/educacaointegral.org.br\/especiais\/rotas-e-redes-literarias-santa-rita\/wp-content\/plugins\/rrl-santa-rita\/build\/images\/pontilhado-amarelo.ec7fd80e.png\" \/><\/div>\n\n\n\n<p>Diferentes tipos de texto apresentam ind\u00edcios textuais diferentes e podem exigir diferentes procedimentos de leitura. A leitura de um poema ser\u00e1 beneficiada com uma leitura mais detida, com releituras e com uma leitura em voz alta. Se considerarmos uma cr\u00f4nica publicada semanalmente em um jornal, a leitura pode ser mais ligeira e pode ser suficiente l\u00ea-la apenas uma vez. Ler uma diversidade de textos promove a constru\u00e7\u00e3o de conhecimento a respeito dos diferentes g\u00eaneros textuais e amplia o repert\u00f3rio cultural.<\/p>\n","protected":false},"excerpt":{"rendered":"<p>Diferentes tipos de texto apresentam ind\u00edcios textuais diferentes e podem exigir diferentes procedimentos de leitura. A leitura de um poema ser\u00e1 beneficiada com uma leitura mais detida, com releituras e com uma leitura em voz alta. Se considerarmos uma cr\u00f4nica publicada semanalmente em um jornal, a leitura pode ser mais ligeira e pode ser suficiente [&hellip;]<\/p>\n","protected":false},"author":5,"featured_media":56,"parent":43,"menu_order":0,"comment_status":"closed","ping_status":"closed","template":"","meta":[],"yoast_head":"<!-- This site is optimized with the Yoast SEO plugin v19.13 - https:\/\/yoast.com\/wordpress\/plugins\/seo\/ -->\n<title>Premissas - Rotas e Redes Liter\u00e1rias Santa Rita<\/title>\n<meta name=\"robots\" content=\"index, follow, max-snippet:-1, max-image-preview:large, max-video-preview:-1\" \/>\n<link rel=\"canonical\" href=\"https:\/\/educacaointegral.org.br\/especiais\/rotas-e-redes-literarias-santa-rita\/estrategias\/praticas-de-leitura\/premissas-2\/\" \/>\n<meta property=\"og:locale\" content=\"pt_BR\" \/>\n<meta property=\"og:type\" content=\"article\" \/>\n<meta property=\"og:title\" content=\"Premissas - Rotas e Redes Liter\u00e1rias Santa Rita\" \/>\n<meta property=\"og:description\" content=\"Diferentes tipos de texto apresentam ind\u00edcios textuais diferentes e podem exigir diferentes procedimentos de leitura. A leitura de um poema ser\u00e1 beneficiada com uma leitura mais detida, com releituras e com uma leitura em voz alta. Se considerarmos uma cr\u00f4nica publicada semanalmente em um jornal, a leitura pode ser mais ligeira e pode ser suficiente [&hellip;]\" \/>\n<meta property=\"og:url\" content=\"https:\/\/educacaointegral.org.br\/especiais\/rotas-e-redes-literarias-santa-rita\/estrategias\/praticas-de-leitura\/premissas-2\/\" \/>\n<meta property=\"og:site_name\" content=\"Rotas e Redes Liter\u00e1rias Santa Rita\" \/>\n<meta property=\"article:modified_time\" content=\"2022-07-08T20:54:23+00:00\" \/>\n<meta property=\"og:image\" content=\"https:\/\/educacaointegral.org.br\/especiais\/rotas-e-redes-literarias-santa-rita\/wp-content\/uploads\/sites\/8\/2022\/06\/img-acervo.png\" \/>\n\t<meta property=\"og:image:width\" content=\"535\" \/>\n\t<meta property=\"og:image:height\" content=\"269\" \/>\n\t<meta property=\"og:image:type\" content=\"image\/png\" \/>\n<meta name=\"twitter:card\" content=\"summary_large_image\" \/>\n<script type=\"application\/ld+json\" class=\"yoast-schema-graph\">{\"@context\":\"https:\/\/schema.org\",\"@graph\":[{\"@type\":\"WebPage\",\"@id\":\"https:\/\/educacaointegral.org.br\/especiais\/rotas-e-redes-literarias-santa-rita\/estrategias\/praticas-de-leitura\/premissas-2\/\",\"url\":\"https:\/\/educacaointegral.org.br\/especiais\/rotas-e-redes-literarias-santa-rita\/estrategias\/praticas-de-leitura\/premissas-2\/\",\"name\":\"Premissas - Rotas e Redes Liter\u00e1rias Santa Rita\",\"isPartOf\":{\"@id\":\"https:\/\/educacaointegral.org.br\/especiais\/rotas-e-redes-literarias-santa-rita\/#website\"},\"datePublished\":\"2022-07-08T20:47:10+00:00\",\"dateModified\":\"2022-07-08T20:54:23+00:00\",\"breadcrumb\":{\"@id\":\"https:\/\/educacaointegral.org.br\/especiais\/rotas-e-redes-literarias-santa-rita\/estrategias\/praticas-de-leitura\/premissas-2\/#breadcrumb\"},\"inLanguage\":\"pt-BR\",\"potentialAction\":[{\"@type\":\"ReadAction\",\"target\":[\"https:\/\/educacaointegral.org.br\/especiais\/rotas-e-redes-literarias-santa-rita\/estrategias\/praticas-de-leitura\/premissas-2\/\"]}]},{\"@type\":\"BreadcrumbList\",\"@id\":\"https:\/\/educacaointegral.org.br\/especiais\/rotas-e-redes-literarias-santa-rita\/estrategias\/praticas-de-leitura\/premissas-2\/#breadcrumb\",\"itemListElement\":[{\"@type\":\"ListItem\",\"position\":1,\"name\":\"In\u00edcio\",\"item\":\"https:\/\/educacaointegral.org.br\/especiais\/rotas-e-redes-literarias-santa-rita\/\"},{\"@type\":\"ListItem\",\"position\":2,\"name\":\"Estrat\u00e9gias\",\"item\":\"https:\/\/educacaointegral.org.br\/especiais\/rotas-e-redes-literarias-santa-rita\/estrategias\/\"},{\"@type\":\"ListItem\",\"position\":3,\"name\":\"Pr\u00e1ticas de leitura\",\"item\":\"https:\/\/educacaointegral.org.br\/especiais\/rotas-e-redes-literarias-santa-rita\/estrategias\/praticas-de-leitura\/\"},{\"@type\":\"ListItem\",\"position\":4,\"name\":\"Premissas\"}]},{\"@type\":\"WebSite\",\"@id\":\"https:\/\/educacaointegral.org.br\/especiais\/rotas-e-redes-literarias-santa-rita\/#website\",\"url\":\"https:\/\/educacaointegral.org.br\/especiais\/rotas-e-redes-literarias-santa-rita\/\",\"name\":\"Rotas e Redes Liter\u00e1rias Santa Rita\",\"description\":\"S\u00f3 mais um site Centro de Refer\u00eancias em Educa\u00e7\u00e3o Integral | Especiais sites\",\"potentialAction\":[{\"@type\":\"SearchAction\",\"target\":{\"@type\":\"EntryPoint\",\"urlTemplate\":\"https:\/\/educacaointegral.org.br\/especiais\/rotas-e-redes-literarias-santa-rita\/?s={search_term_string}\"},\"query-input\":\"required name=search_term_string\"}],\"inLanguage\":\"pt-BR\"}]}<\/script>\n<!-- \/ Yoast SEO plugin. -->","yoast_head_json":{"title":"Premissas - Rotas e Redes Liter\u00e1rias Santa Rita","robots":{"index":"index","follow":"follow","max-snippet":"max-snippet:-1","max-image-preview":"max-image-preview:large","max-video-preview":"max-video-preview:-1"},"canonical":"https:\/\/educacaointegral.org.br\/especiais\/rotas-e-redes-literarias-santa-rita\/estrategias\/praticas-de-leitura\/premissas-2\/","og_locale":"pt_BR","og_type":"article","og_title":"Premissas - Rotas e Redes Liter\u00e1rias Santa Rita","og_description":"Diferentes tipos de texto apresentam ind\u00edcios textuais diferentes e podem exigir diferentes procedimentos de leitura. A leitura de um poema ser\u00e1 beneficiada com uma leitura mais detida, com releituras e com uma leitura em voz alta. Se considerarmos uma cr\u00f4nica publicada semanalmente em um jornal, a leitura pode ser mais ligeira e pode ser suficiente [&hellip;]","og_url":"https:\/\/educacaointegral.org.br\/especiais\/rotas-e-redes-literarias-santa-rita\/estrategias\/praticas-de-leitura\/premissas-2\/","og_site_name":"Rotas e Redes Liter\u00e1rias Santa Rita","article_modified_time":"2022-07-08T20:54:23+00:00","og_image":[{"width":535,"height":269,"url":"https:\/\/educacaointegral.org.br\/especiais\/rotas-e-redes-literarias-santa-rita\/wp-content\/uploads\/sites\/8\/2022\/06\/img-acervo.png","type":"image\/png"}],"twitter_card":"summary_large_image","schema":{"@context":"https:\/\/schema.org","@graph":[{"@type":"WebPage","@id":"https:\/\/educacaointegral.org.br\/especiais\/rotas-e-redes-literarias-santa-rita\/estrategias\/praticas-de-leitura\/premissas-2\/","url":"https:\/\/educacaointegral.org.br\/especiais\/rotas-e-redes-literarias-santa-rita\/estrategias\/praticas-de-leitura\/premissas-2\/","name":"Premissas - Rotas e Redes Liter\u00e1rias Santa Rita","isPartOf":{"@id":"https:\/\/educacaointegral.org.br\/especiais\/rotas-e-redes-literarias-santa-rita\/#website"},"datePublished":"2022-07-08T20:47:10+00:00","dateModified":"2022-07-08T20:54:23+00:00","breadcrumb":{"@id":"https:\/\/educacaointegral.org.br\/especiais\/rotas-e-redes-literarias-santa-rita\/estrategias\/praticas-de-leitura\/premissas-2\/#breadcrumb"},"inLanguage":"pt-BR","potentialAction":[{"@type":"ReadAction","target":["https:\/\/educacaointegral.org.br\/especiais\/rotas-e-redes-literarias-santa-rita\/estrategias\/praticas-de-leitura\/premissas-2\/"]}]},{"@type":"BreadcrumbList","@id":"https:\/\/educacaointegral.org.br\/especiais\/rotas-e-redes-literarias-santa-rita\/estrategias\/praticas-de-leitura\/premissas-2\/#breadcrumb","itemListElement":[{"@type":"ListItem","position":1,"name":"In\u00edcio","item":"https:\/\/educacaointegral.org.br\/especiais\/rotas-e-redes-literarias-santa-rita\/"},{"@type":"ListItem","position":2,"name":"Estrat\u00e9gias","item":"https:\/\/educacaointegral.org.br\/especiais\/rotas-e-redes-literarias-santa-rita\/estrategias\/"},{"@type":"ListItem","position":3,"name":"Pr\u00e1ticas de leitura","item":"https:\/\/educacaointegral.org.br\/especiais\/rotas-e-redes-literarias-santa-rita\/estrategias\/praticas-de-leitura\/"},{"@type":"ListItem","position":4,"name":"Premissas"}]},{"@type":"WebSite","@id":"https:\/\/educacaointegral.org.br\/especiais\/rotas-e-redes-literarias-santa-rita\/#website","url":"https:\/\/educacaointegral.org.br\/especiais\/rotas-e-redes-literarias-santa-rita\/","name":"Rotas e Redes Liter\u00e1rias Santa Rita","description":"S\u00f3 mais um site Centro de Refer\u00eancias em Educa\u00e7\u00e3o Integral | Especiais sites","potentialAction":[{"@type":"SearchAction","target":{"@type":"EntryPoint","urlTemplate":"https:\/\/educacaointegral.org.br\/especiais\/rotas-e-redes-literarias-santa-rita\/?s={search_term_string}"},"query-input":"required name=search_term_string"}],"inLanguage":"pt-BR"}]}},"_links":{"self":[{"href":"https:\/\/educacaointegral.org.br\/especiais\/rotas-e-redes-literarias-santa-rita\/wp-json\/wp\/v2\/pages\/93"}],"collection":[{"href":"https:\/\/educacaointegral.org.br\/especiais\/rotas-e-redes-literarias-santa-rita\/wp-json\/wp\/v2\/pages"}],"about":[{"href":"https:\/\/educacaointegral.org.br\/especiais\/rotas-e-redes-literarias-santa-rita\/wp-json\/wp\/v2\/types\/page"}],"author":[{"embeddable":true,"href":"https:\/\/educacaointegral.org.br\/especiais\/rotas-e-redes-literarias-santa-rita\/wp-json\/wp\/v2\/users\/5"}],"replies":[{"embeddable":true,"href":"https:\/\/educacaointegral.org.br\/especiais\/rotas-e-redes-literarias-santa-rita\/wp-json\/wp\/v2\/comments?post=93"}],"version-history":[{"count":1,"href":"https:\/\/educacaointegral.org.br\/especiais\/rotas-e-redes-literarias-santa-rita\/wp-json\/wp\/v2\/pages\/93\/revisions"}],"predecessor-version":[{"id":96,"href":"https:\/\/educacaointegral.org.br\/especiais\/rotas-e-redes-literarias-santa-rita\/wp-json\/wp\/v2\/pages\/93\/revisions\/96"}],"up":[{"embeddable":true,"href":"https:\/\/educacaointegral.org.br\/especiais\/rotas-e-redes-literarias-santa-rita\/wp-json\/wp\/v2\/pages\/43"}],"wp:featuredmedia":[{"embeddable":true,"href":"https:\/\/educacaointegral.org.br\/especiais\/rotas-e-redes-literarias-santa-rita\/wp-json\/wp\/v2\/media\/56"}],"wp:attachment":[{"href":"https:\/\/educacaointegral.org.br\/especiais\/rotas-e-redes-literarias-santa-rita\/wp-json\/wp\/v2\/media?parent=93"}],"curies":[{"name":"wp","href":"https:\/\/api.w.org\/{rel}","templated":true}]}}