{"id":51,"date":"2022-06-22T17:05:47","date_gmt":"2022-06-22T20:05:47","guid":{"rendered":"https:\/\/educacaointegral.org.br\/especiais\/rotas-e-redes-literarias-santa-rita\/?page_id=51"},"modified":"2022-09-05T11:13:57","modified_gmt":"2022-09-05T14:13:57","slug":"politica-publica","status":"publish","type":"page","link":"https:\/\/educacaointegral.org.br\/especiais\/rotas-e-redes-literarias-santa-rita\/estrategias\/politica-publica\/","title":{"rendered":"Pol\u00edtica P\u00fablica de Leitura"},"content":{"rendered":"\n<div class=\"wp-block-create-block-titulo-pontilhado\"><h2 class=\"titulo-pontilhado\">Santa Rita: Cidade Leitora<\/h2><img src=\"https:\/\/educacaointegral.org.br\/especiais\/rotas-e-redes-literarias-santa-rita\/wp-content\/plugins\/rrl-santa-rita\/build\/images\/pontilhado-amarelo.ec7fd80e.png\" \/><\/div>\n\n\n\n<p class=\"has-text-align-center\">Para contribuir com o direito de todos e todas ao livro, \u00e0 leitura e \u00e0 biblioteca \u00e9 preciso democratizar e qualificar os espa\u00e7os de leitura, o acervo de literatura e formar professores mediadores de leitura. Para garantir a continuidade e a amplia\u00e7\u00e3o do processo instaurado pelo Rotas e Redes Liter\u00e1rias, \u00e9 fundamental consolidar pol\u00edticas p\u00fablicas com este foco. Em Santa Rita (MA), foi dado esse passo:<\/p>\n\n\n <div class=\"wp-block-create-block-card-video wp-block-create-block-card-video\">    <div class=\"area-video\">        <div class=\"imagem-video\">            <div class=\"background-video\" style=\"background-image: url('https:\/\/educacaointegral.org.br\/especiais\/rotas-e-redes-literarias-santa-rita\/wp-content\/uploads\/sites\/8\/2022\/06\/Grupo-621.png')\" onclick=\"iniciarModalVideo(&#039;https:\/\/www.youtube.com\/watch?v=-AIB1Cw27x4&#039;)\">                <div class=\"background-linear\">                    <img class=\"icone-play\" src=\"https:\/\/educacaointegral.org.br\/especiais\/rotas-e-redes-literarias-santa-rita\/wp-content\/plugins\/rrl-santa-rita\/\/images\/icone-play.png\" alt=\"Assistir v\u00eddeo\" \/>                <\/div>            <\/div>        <\/div>    <\/div>    <div class=\"area-informacao\">        <h3 class=\"info-nome\">Expans\u00e3o para a rede<\/h3>        <span class=\"info-ocupacao\">Curr\u00edculo<\/span>        <div class=\"linha-amarela\"><\/div>        <span class=\"info-descricao\">Rotas e Redes Liter\u00e1rias no munic\u00edpio de Santa Rita<\/span>    <\/div><\/div>\n\n\n<p class=\"has-text-align-center\">A pr\u00f3xima etapa \u00e9 a constru\u00e7\u00e3o democr\u00e1tica do Plano Municipal do Livro, Leitura, Literatura e Bibliotecas (PMLLLB), iniciativa que articula gest\u00e3o p\u00fablica e sociedade civil em torno do compromisso com a forma\u00e7\u00e3o de leitores. Conhe\u00e7a os principais eixos que norteiam o PMLLLB:<\/p>\n\n\n\n<div class=\"wp-block-create-block-area-info-card\">\n<div class=\"wp-block-create-block-info-card is-style-invertido\"><div class=\"area-texto\"><span class=\"info-card-quantidade\">1. <\/span><span class=\"info-card-primeiro-termo\"><strong>Democratiza\u00e7\u00e3o<\/strong><\/span><span class=\"info-card-segundo-termo\">do acesso<\/span><\/div><\/div>\n\n\n\n<div class=\"wp-block-create-block-info-card is-style-invertido\"><div class=\"area-texto\"><span class=\"info-card-quantidade\">2. <\/span><span class=\"info-card-primeiro-termo\"><strong>Forma\u00e7\u00e3o de<\/strong><\/span><span class=\"info-card-segundo-termo\">mediadores de leitura<\/span><\/div><\/div>\n\n\n\n<div class=\"wp-block-create-block-info-card is-style-invertido\"><div class=\"area-texto\"><span class=\"info-card-quantidade\">3. <\/span><span class=\"info-card-primeiro-termo\">Valoriza\u00e7\u00e3o <\/span><span class=\"info-card-segundo-termo\">da leitura<\/span><\/div><\/div>\n\n\n\n<div class=\"wp-block-create-block-info-card is-style-invertido\"><div class=\"area-texto\"><span class=\"info-card-quantidade\">4. <\/span><span class=\"info-card-primeiro-termo\">Desenvolvimento  <\/span><span class=\"info-card-segundo-termo\">da economia do livro<\/span><\/div><\/div>\n<\/div>\n\n\n\n<div class=\"wp-container-1 wp-block-group\"><div class=\"wp-block-group__inner-container\">\n<div class=\"wp-block-columns\">\n<div class=\"wp-block-column\" style=\"flex-basis:100%\"> <div class=\"wp-block-create-block-card-video wp-block-create-block-card-video\">    <div class=\"area-video\">        <div class=\"imagem-video\">            <div class=\"background-video\" style=\"background-image: url('https:\/\/educacaointegral.org.br\/especiais\/rotas-e-redes-literarias-santa-rita\/wp-content\/uploads\/sites\/8\/2022\/08\/WhatsApp-Image-2022-08-07-at-17.40.05.jpeg')\" onclick=\"iniciarModalVideo(&#039;https:\/\/www.youtube.com\/watch?v=blAC5Tgd0V0&#039;)\">                <div class=\"background-linear\">                    <img class=\"icone-play\" src=\"https:\/\/educacaointegral.org.br\/especiais\/rotas-e-redes-literarias-santa-rita\/wp-content\/plugins\/rrl-santa-rita\/\/images\/icone-play.png\" alt=\"Assistir v\u00eddeo\" \/>                <\/div>            <\/div>        <\/div>    <\/div>    <div class=\"area-informacao\">        <h3 class=\"info-nome\">Leitura como direito<\/h3>        <span class=\"info-ocupacao\">Mobiliza\u00e7\u00e3o<\/span>        <div class=\"linha-amarela\"><\/div>        <span class=\"info-descricao\">Volnei Can\u00f4nica e o papel a das pol\u00edticas p\u00fablicas de leitura no Brasil<\/span>    <\/div><\/div><\/div>\n<\/div>\n<\/div><\/div>\n\n\n <div class=\"wp-block-create-block-card-video is-style-inverter wp-block-create-block-card-video\">    <div class=\"area-video\">        <div class=\"imagem-video\">            <div class=\"background-video\" style=\"background-image: url('https:\/\/educacaointegral.org.br\/especiais\/rotas-e-redes-literarias-santa-rita\/wp-content\/uploads\/sites\/8\/2022\/08\/WhatsApp-Image-2022-08-07-at-17.30.49.jpeg')\" onclick=\"iniciarModalVideo(&#039;https:\/\/www.youtube.com\/watch?v=3WYBKm1KXgg&#039;)\">                <div class=\"background-linear\">                    <img class=\"icone-play\" src=\"https:\/\/educacaointegral.org.br\/especiais\/rotas-e-redes-literarias-santa-rita\/wp-content\/plugins\/rrl-santa-rita\/\/images\/icone-play.png\" alt=\"Assistir v\u00eddeo\" \/>                <\/div>            <\/div>        <\/div>    <\/div>    <div class=\"area-informacao\">        <h3 class=\"info-nome\">A experi\u00eancia <br>do PMLLLB de S\u00e3o Lu\u00eds<\/h3>        <span class=\"info-ocupacao\">Maranh\u00e3o <\/span>        <div class=\"linha-amarela\"><\/div>        <span class=\"info-descricao\">Narlize Fonseca e a mobiliza\u00e7\u00e3o das comunidades leitoras   <\/span>    <\/div><\/div>\n\n\n<p>&nbsp;<\/p>\n\n\n\n<div class=\"wp-block-create-block-linha-pontilhada\"><\/div>\n\n\n\n<div class=\"wp-block-create-block-titulo-pontilhado\"><h2 class=\"titulo-pontilhado\">Plano Municipal do Livro, Leitura, Literatura e Biblioteca<\/h2><img src=\"https:\/\/educacaointegral.org.br\/especiais\/rotas-e-redes-literarias-santa-rita\/wp-content\/plugins\/rrl-santa-rita\/build\/images\/pontilhado-amarelo.ec7fd80e.png\" \/><\/div>\n\n\n\n<div class=\"wp-block-create-block-area-card-colorido\"> <div class=\"wp-block-create-block-card-colorido is-style-vermelho1 wp-block-create-block-card-colorido\">    <div class=\"card-colorido\">        <div class=\"area-texto\">            <span class=\"texto1\">Passo a passo<\/span>            <span class=\"texto2\">Guia para implementar<\/span>        <\/div>        <a class=\"botao\" onclick=\"iniciarModalCardColorido(&#039;Nesse Guia, voc\u00ea encontrar\u00e1 um passo a passo para mobilizar, construir coletivamente e instituir o Plano Municipal do Livro, Leitura, Literatura e Biblioteca em sua cidade. Clique &lt;a href=&quot;https:\/\/drive.google.com\/file\/d\/18ugTw8a8vNj5oxnRXZCWd09TN-a2oYnE\/view?usp=sharing&quot;&gt;aqui&lt;\/a&gt; e baixe o Guia. &#039;, &#039;Guia para elabora\u00e7\u00e3o de &lt;br&gt;Planos Municipais e Estaduais de Leitura&#039;)\"> Download<\/a>    <\/div><\/div>\n\n <div class=\"wp-block-create-block-card-colorido is-style-amarelo1 wp-block-create-block-card-colorido\">    <div class=\"card-colorido\">        <div class=\"area-texto\">            <span class=\"texto1\">Refer\u00eancia de Planos <\/span>            <span class=\"texto2\"> de outras cidades<\/span>        <\/div>        <a class=\"botao\" onclick=\"iniciarModalCardColorido(&#039;Os processos de elabora\u00e7\u00e3o de Planos Municipais do Livro, da Leitura, Literatura e Biblioteca (PMLLLB) s\u00e3o participativos e democr\u00e1ticos e, portanto, refletem as especificidades de cada territ\u00f3rio. Conhecer as diversas experi\u00eancias \u00e9 importante para inspirar a sua.&lt;br&gt;&lt;br&gt;Conhe\u00e7a a LEI N\u00ba 16.333, DE 18 DE DEZEMBRO DE 2015, que institui o PMLLLB do Munic\u00edpio de S\u00e3o Paulo, com o fim de assegurar a todos o acesso ao livro, \u00e0 leitura e \u00e0 literatura, clicando &lt;a href=&quot;https:\/\/legislacao.prefeitura.sp.gov.br\/leis\/lei-16333-de-18-de-dezembro-de-2015&quot;&gt;aqui&lt;\/a&gt;.&lt;br&gt;&lt;br&gt;Conhe\u00e7a a LEI N\u00ba 1.821, DE 08 DE AGOSTO DE 2018, que institui e regulamenta o  PMLLLLB de Ju\u00edna (MT) clicando &lt;a href=&quot;https:\/\/leismunicipais.com.br\/a\/mt\/j\/juina\/lei-ordinaria\/2018\/182\/1821\/lei-ordinaria-n-1821-2018-institui-e-regulamenta-o-plano-municipal-do-livro-leitura-literatura-e-bibliotecas-do-municipio-de-juina-estado-de-mato-grosso-e-da-outras-providencias&quot;&gt;aqui&lt;\/a&gt;.  &#039;, &#039;Exemplos de Leis que instituem &lt;br&gt;o Plano do Livro e da Leitura&#039;)\"> Download<\/a>    <\/div><\/div>\n\n <div class=\"wp-block-create-block-card-colorido is-style-vermelho1 wp-block-create-block-card-colorido\">    <div class=\"card-colorido\">        <div class=\"area-texto\">            <span class=\"texto1\">Marcos legais<\/span>            <span class=\"texto2\">pr\u00f3 livro e leitura<\/span>        <\/div>        <a class=\"botao\" onclick=\"iniciarModalCardColorido(&#039;O Brasil possui importante marco legal para promover a leitura e a escrita no pa\u00eds. Fruto de amplo processo participativo e democr\u00e1tico, a &lt;strong&gt;&lt;a href=&quot;http:\/\/legislacao.planalto.gov.br\/legisla\/legislacao.nsf\/Viw_Identificacao\/lei%2013.696-2018?OpenDocument&quot;&gt;LEI N\u00ba 13.696, DE 12 DE JULHO DE 2018&lt;\/a&gt;&lt;\/strong&gt;  estabelece estrat\u00e9gias que devem contribuir para a universaliza\u00e7\u00e3o do direito ao acesso ao livro, \u00e0 leitura, \u00e0 escrita, \u00e0 literatura e \u00e0s bibliotecas.\u00a0&lt;br&gt;&lt;br&gt;Assim tamb\u00e9m, a &lt;strong&gt;&lt;a href=&quot;http:\/\/legislacao.planalto.gov.br\/legisla\/legislacao.nsf\/Viw_Identificacao\/lei%2012.244-2010?OpenDocument&quot;&gt;LEI N\u00ba 12.244 DE\u00a024 DE MAIO DE 2010&lt;\/a&gt;&lt;\/strong&gt;, disp\u00f5e sobre a universaliza\u00e7\u00e3o das bibliotecas nas institui\u00e7\u00f5es de ensino, compreendendo biblioteca escolar como \u201cequipamento cultural obrigat\u00f3rio e necess\u00e1rio ao desenvolvimento do processo educativo&quot;. &lt;br&gt;&lt;br&gt;&lt;br&gt;&lt;br&gt;&lt;br&gt;&#039;, &#039;Pol\u00edtica Nacional de Leitura e Escrita &#039;)\"> Download<\/a>    <\/div><\/div><\/div>\n","protected":false},"excerpt":{"rendered":"<p>Para contribuir com o direito de todos e todas ao livro, \u00e0 leitura e \u00e0 biblioteca \u00e9 preciso democratizar e qualificar os espa\u00e7os de leitura, o acervo de literatura e formar professores mediadores de leitura. Para garantir a continuidade e a amplia\u00e7\u00e3o do processo instaurado pelo Rotas e Redes Liter\u00e1rias, \u00e9 fundamental consolidar pol\u00edticas p\u00fablicas [&hellip;]<\/p>\n","protected":false},"author":1,"featured_media":200,"parent":19,"menu_order":0,"comment_status":"closed","ping_status":"closed","template":"","meta":[],"yoast_head":"<!-- This site is optimized with the Yoast SEO plugin v19.13 - https:\/\/yoast.com\/wordpress\/plugins\/seo\/ -->\n<title>Pol\u00edtica P\u00fablica de Leitura - Rotas e Redes Liter\u00e1rias Santa Rita<\/title>\n<meta name=\"robots\" content=\"index, follow, max-snippet:-1, max-image-preview:large, max-video-preview:-1\" \/>\n<link rel=\"canonical\" href=\"https:\/\/educacaointegral.org.br\/especiais\/rotas-e-redes-literarias-santa-rita\/estrategias\/politica-publica\/\" \/>\n<meta property=\"og:locale\" content=\"pt_BR\" \/>\n<meta property=\"og:type\" content=\"article\" \/>\n<meta property=\"og:title\" content=\"Pol\u00edtica P\u00fablica de Leitura - Rotas e Redes Liter\u00e1rias Santa Rita\" \/>\n<meta property=\"og:description\" content=\"Para contribuir com o direito de todos e todas ao livro, \u00e0 leitura e \u00e0 biblioteca \u00e9 preciso democratizar e qualificar os espa\u00e7os de leitura, o acervo de literatura e formar professores mediadores de leitura. Para garantir a continuidade e a amplia\u00e7\u00e3o do processo instaurado pelo Rotas e Redes Liter\u00e1rias, \u00e9 fundamental consolidar pol\u00edticas p\u00fablicas [&hellip;]\" \/>\n<meta property=\"og:url\" content=\"https:\/\/educacaointegral.org.br\/especiais\/rotas-e-redes-literarias-santa-rita\/estrategias\/politica-publica\/\" \/>\n<meta property=\"og:site_name\" content=\"Rotas e Redes Liter\u00e1rias Santa Rita\" \/>\n<meta property=\"article:modified_time\" content=\"2022-09-05T14:13:57+00:00\" \/>\n<meta property=\"og:image\" content=\"https:\/\/educacaointegral.org.br\/especiais\/rotas-e-redes-literarias-santa-rita\/wp-content\/uploads\/sites\/8\/2022\/07\/politica-publica-interna.png\" \/>\n\t<meta property=\"og:image:width\" content=\"761\" \/>\n\t<meta property=\"og:image:height\" content=\"292\" \/>\n\t<meta property=\"og:image:type\" content=\"image\/png\" \/>\n<meta name=\"twitter:card\" content=\"summary_large_image\" \/>\n<meta name=\"twitter:label1\" content=\"Est. tempo de leitura\" \/>\n\t<meta name=\"twitter:data1\" content=\"1 minuto\" \/>\n<script type=\"application\/ld+json\" class=\"yoast-schema-graph\">{\"@context\":\"https:\/\/schema.org\",\"@graph\":[{\"@type\":\"WebPage\",\"@id\":\"https:\/\/educacaointegral.org.br\/especiais\/rotas-e-redes-literarias-santa-rita\/estrategias\/politica-publica\/\",\"url\":\"https:\/\/educacaointegral.org.br\/especiais\/rotas-e-redes-literarias-santa-rita\/estrategias\/politica-publica\/\",\"name\":\"Pol\u00edtica P\u00fablica de Leitura - Rotas e Redes Liter\u00e1rias Santa Rita\",\"isPartOf\":{\"@id\":\"https:\/\/educacaointegral.org.br\/especiais\/rotas-e-redes-literarias-santa-rita\/#website\"},\"datePublished\":\"2022-06-22T20:05:47+00:00\",\"dateModified\":\"2022-09-05T14:13:57+00:00\",\"breadcrumb\":{\"@id\":\"https:\/\/educacaointegral.org.br\/especiais\/rotas-e-redes-literarias-santa-rita\/estrategias\/politica-publica\/#breadcrumb\"},\"inLanguage\":\"pt-BR\",\"potentialAction\":[{\"@type\":\"ReadAction\",\"target\":[\"https:\/\/educacaointegral.org.br\/especiais\/rotas-e-redes-literarias-santa-rita\/estrategias\/politica-publica\/\"]}]},{\"@type\":\"BreadcrumbList\",\"@id\":\"https:\/\/educacaointegral.org.br\/especiais\/rotas-e-redes-literarias-santa-rita\/estrategias\/politica-publica\/#breadcrumb\",\"itemListElement\":[{\"@type\":\"ListItem\",\"position\":1,\"name\":\"In\u00edcio\",\"item\":\"https:\/\/educacaointegral.org.br\/especiais\/rotas-e-redes-literarias-santa-rita\/\"},{\"@type\":\"ListItem\",\"position\":2,\"name\":\"Estrat\u00e9gias\",\"item\":\"https:\/\/educacaointegral.org.br\/especiais\/rotas-e-redes-literarias-santa-rita\/estrategias\/\"},{\"@type\":\"ListItem\",\"position\":3,\"name\":\"Pol\u00edtica P\u00fablica de Leitura\"}]},{\"@type\":\"WebSite\",\"@id\":\"https:\/\/educacaointegral.org.br\/especiais\/rotas-e-redes-literarias-santa-rita\/#website\",\"url\":\"https:\/\/educacaointegral.org.br\/especiais\/rotas-e-redes-literarias-santa-rita\/\",\"name\":\"Rotas e Redes Liter\u00e1rias Santa Rita\",\"description\":\"S\u00f3 mais um site Centro de Refer\u00eancias em Educa\u00e7\u00e3o Integral | Especiais sites\",\"potentialAction\":[{\"@type\":\"SearchAction\",\"target\":{\"@type\":\"EntryPoint\",\"urlTemplate\":\"https:\/\/educacaointegral.org.br\/especiais\/rotas-e-redes-literarias-santa-rita\/?s={search_term_string}\"},\"query-input\":\"required name=search_term_string\"}],\"inLanguage\":\"pt-BR\"}]}<\/script>\n<!-- \/ Yoast SEO plugin. -->","yoast_head_json":{"title":"Pol\u00edtica P\u00fablica de Leitura - Rotas e Redes Liter\u00e1rias Santa Rita","robots":{"index":"index","follow":"follow","max-snippet":"max-snippet:-1","max-image-preview":"max-image-preview:large","max-video-preview":"max-video-preview:-1"},"canonical":"https:\/\/educacaointegral.org.br\/especiais\/rotas-e-redes-literarias-santa-rita\/estrategias\/politica-publica\/","og_locale":"pt_BR","og_type":"article","og_title":"Pol\u00edtica P\u00fablica de Leitura - Rotas e Redes Liter\u00e1rias Santa Rita","og_description":"Para contribuir com o direito de todos e todas ao livro, \u00e0 leitura e \u00e0 biblioteca \u00e9 preciso democratizar e qualificar os espa\u00e7os de leitura, o acervo de literatura e formar professores mediadores de leitura. Para garantir a continuidade e a amplia\u00e7\u00e3o do processo instaurado pelo Rotas e Redes Liter\u00e1rias, \u00e9 fundamental consolidar pol\u00edticas p\u00fablicas [&hellip;]","og_url":"https:\/\/educacaointegral.org.br\/especiais\/rotas-e-redes-literarias-santa-rita\/estrategias\/politica-publica\/","og_site_name":"Rotas e Redes Liter\u00e1rias Santa Rita","article_modified_time":"2022-09-05T14:13:57+00:00","og_image":[{"width":761,"height":292,"url":"https:\/\/educacaointegral.org.br\/especiais\/rotas-e-redes-literarias-santa-rita\/wp-content\/uploads\/sites\/8\/2022\/07\/politica-publica-interna.png","type":"image\/png"}],"twitter_card":"summary_large_image","twitter_misc":{"Est. tempo de leitura":"1 minuto"},"schema":{"@context":"https:\/\/schema.org","@graph":[{"@type":"WebPage","@id":"https:\/\/educacaointegral.org.br\/especiais\/rotas-e-redes-literarias-santa-rita\/estrategias\/politica-publica\/","url":"https:\/\/educacaointegral.org.br\/especiais\/rotas-e-redes-literarias-santa-rita\/estrategias\/politica-publica\/","name":"Pol\u00edtica P\u00fablica de Leitura - Rotas e Redes Liter\u00e1rias Santa Rita","isPartOf":{"@id":"https:\/\/educacaointegral.org.br\/especiais\/rotas-e-redes-literarias-santa-rita\/#website"},"datePublished":"2022-06-22T20:05:47+00:00","dateModified":"2022-09-05T14:13:57+00:00","breadcrumb":{"@id":"https:\/\/educacaointegral.org.br\/especiais\/rotas-e-redes-literarias-santa-rita\/estrategias\/politica-publica\/#breadcrumb"},"inLanguage":"pt-BR","potentialAction":[{"@type":"ReadAction","target":["https:\/\/educacaointegral.org.br\/especiais\/rotas-e-redes-literarias-santa-rita\/estrategias\/politica-publica\/"]}]},{"@type":"BreadcrumbList","@id":"https:\/\/educacaointegral.org.br\/especiais\/rotas-e-redes-literarias-santa-rita\/estrategias\/politica-publica\/#breadcrumb","itemListElement":[{"@type":"ListItem","position":1,"name":"In\u00edcio","item":"https:\/\/educacaointegral.org.br\/especiais\/rotas-e-redes-literarias-santa-rita\/"},{"@type":"ListItem","position":2,"name":"Estrat\u00e9gias","item":"https:\/\/educacaointegral.org.br\/especiais\/rotas-e-redes-literarias-santa-rita\/estrategias\/"},{"@type":"ListItem","position":3,"name":"Pol\u00edtica P\u00fablica de Leitura"}]},{"@type":"WebSite","@id":"https:\/\/educacaointegral.org.br\/especiais\/rotas-e-redes-literarias-santa-rita\/#website","url":"https:\/\/educacaointegral.org.br\/especiais\/rotas-e-redes-literarias-santa-rita\/","name":"Rotas e Redes Liter\u00e1rias Santa Rita","description":"S\u00f3 mais um site Centro de Refer\u00eancias em Educa\u00e7\u00e3o Integral | Especiais sites","potentialAction":[{"@type":"SearchAction","target":{"@type":"EntryPoint","urlTemplate":"https:\/\/educacaointegral.org.br\/especiais\/rotas-e-redes-literarias-santa-rita\/?s={search_term_string}"},"query-input":"required name=search_term_string"}],"inLanguage":"pt-BR"}]}},"_links":{"self":[{"href":"https:\/\/educacaointegral.org.br\/especiais\/rotas-e-redes-literarias-santa-rita\/wp-json\/wp\/v2\/pages\/51"}],"collection":[{"href":"https:\/\/educacaointegral.org.br\/especiais\/rotas-e-redes-literarias-santa-rita\/wp-json\/wp\/v2\/pages"}],"about":[{"href":"https:\/\/educacaointegral.org.br\/especiais\/rotas-e-redes-literarias-santa-rita\/wp-json\/wp\/v2\/types\/page"}],"author":[{"embeddable":true,"href":"https:\/\/educacaointegral.org.br\/especiais\/rotas-e-redes-literarias-santa-rita\/wp-json\/wp\/v2\/users\/1"}],"replies":[{"embeddable":true,"href":"https:\/\/educacaointegral.org.br\/especiais\/rotas-e-redes-literarias-santa-rita\/wp-json\/wp\/v2\/comments?post=51"}],"version-history":[{"count":39,"href":"https:\/\/educacaointegral.org.br\/especiais\/rotas-e-redes-literarias-santa-rita\/wp-json\/wp\/v2\/pages\/51\/revisions"}],"predecessor-version":[{"id":634,"href":"https:\/\/educacaointegral.org.br\/especiais\/rotas-e-redes-literarias-santa-rita\/wp-json\/wp\/v2\/pages\/51\/revisions\/634"}],"up":[{"embeddable":true,"href":"https:\/\/educacaointegral.org.br\/especiais\/rotas-e-redes-literarias-santa-rita\/wp-json\/wp\/v2\/pages\/19"}],"wp:featuredmedia":[{"embeddable":true,"href":"https:\/\/educacaointegral.org.br\/especiais\/rotas-e-redes-literarias-santa-rita\/wp-json\/wp\/v2\/media\/200"}],"wp:attachment":[{"href":"https:\/\/educacaointegral.org.br\/especiais\/rotas-e-redes-literarias-santa-rita\/wp-json\/wp\/v2\/media?parent=51"}],"curies":[{"name":"wp","href":"https:\/\/api.w.org\/{rel}","templated":true}]}}