{"id":38,"date":"2022-06-22T16:46:48","date_gmt":"2022-06-22T19:46:48","guid":{"rendered":"https:\/\/educacaointegral.org.br\/especiais\/rotas-e-redes-literarias-santa-rita\/?page_id=38"},"modified":"2022-09-04T10:39:30","modified_gmt":"2022-09-04T13:39:30","slug":"formacao-de-mediadores","status":"publish","type":"page","link":"https:\/\/educacaointegral.org.br\/especiais\/rotas-e-redes-literarias-santa-rita\/estrategias\/formacao-de-mediadores\/","title":{"rendered":"Forma\u00e7\u00e3o de Mediadores"},"content":{"rendered":"\n<p>Mediar leitura \u00e9 promover experi\u00eancias significativas em torno dos textos, situa\u00e7\u00f5es que propiciam frui\u00e7\u00e3o, di\u00e1logo e aprendizagens a partir do encontro com os livros. Cada contexto pressup\u00f5e modos particulares de atua\u00e7\u00e3o do(a) professor(a) mediador(a) de leitura, pois deve considerar as especificidades da turma, do trabalho, da escola e de seus objetivos.  Mas alguns pontos em comum podem ser destacados:<\/p>\n\n\n\n<div class=\"wp-block-create-block-area-card-premissas\">\n<div class=\"wp-block-create-block-card-premissas is-style-invertido\"><div class=\"card-content\"><span class=\"texto1\">Conhe\u00e7a os (as) estudantes  <\/span><span class=\"texto2\">e seus interesses <\/span><\/div><\/div>\n\n\n\n<div class=\"wp-block-create-block-card-premissas is-style-invertido\"><div class=\"card-content\"><span class=\"texto1\">Conhe\u00e7a os livros <\/span><span class=\"texto2\"> <strong><strong>que ser\u00e3o lidos em sala de aula<\/strong><\/strong><\/span><\/div><\/div>\n\n\n\n<div class=\"wp-block-create-block-card-premissas is-style-invertido\"><div class=\"card-content\"><span class=\"texto1\"><strong><strong>Leia o que gosta <\/strong><\/strong><\/span><span class=\"texto2\"> <strong><strong>e esteja dispon\u00edvel para novidades<\/strong><\/strong><\/span><\/div><\/div>\n\n\n\n<div class=\"wp-block-create-block-card-premissas is-style-invertido\"><div class=\"card-content\"><span class=\"texto1\"><strong><strong>Leia o que os (as) estudantes gostam<\/strong> <\/strong><\/span><span class=\"texto2\"> e esteja atento (a) para sugerir <\/span><\/div><\/div>\n\n\n\n<div class=\"wp-block-create-block-card-premissas is-style-invertido\"><div class=\"card-content\"><span class=\"texto1\">Promova encontros afetivos <\/span><span class=\"texto2\"> em torno da leitura<\/span><\/div><\/div>\n\n\n\n<div class=\"wp-block-create-block-card-premissas is-style-invertido\"><div class=\"card-content\"><span class=\"texto1\"><strong><strong>Mantenha a observa\u00e7\u00e3o, a escuta e a comunica\u00e7\u00e3o<\/strong><\/strong> <\/span><span class=\"texto2\"><strong><strong> emp\u00e1tica<\/strong> para abrir di\u00e1logos <\/strong><\/span><\/div><\/div>\n<\/div>\n\n\n <div class=\"wp-block-create-block-card-video wp-block-create-block-card-video\">    <div class=\"area-video\">        <div class=\"imagem-video\">            <div class=\"background-video\" style=\"background-image: url('https:\/\/educacaointegral.org.br\/especiais\/rotas-e-redes-literarias-santa-rita\/wp-content\/uploads\/sites\/8\/2022\/07\/angela-kim.jpg')\" onclick=\"iniciarModalVideo(&#039;https:\/\/www.youtube.com\/watch?v=tbak53oJ4mo&#039;)\">                <div class=\"background-linear\">                    <img class=\"icone-play\" src=\"https:\/\/educacaointegral.org.br\/especiais\/rotas-e-redes-literarias-santa-rita\/wp-content\/plugins\/rrl-santa-rita\/\/images\/icone-play.png\" alt=\"Assistir v\u00eddeo\" \/>                <\/div>            <\/div>        <\/div>    <\/div>    <div class=\"area-informacao\">        <h3 class=\"info-nome\">\u00c2ngela Kim<\/h3>        <span class=\"info-ocupacao\">Mestre em Lingu\u00edstica Aplicada <\/span>        <div class=\"linha-amarela\"><\/div>        <span class=\"info-descricao\">Ser mediador(a) de leitura pressup\u00f5e fazer escolhas <\/span>    <\/div><\/div>\n\n <div class=\"wp-block-create-block-card-video is-style-inverter wp-block-create-block-card-video\">    <div class=\"area-video\">        <div class=\"imagem-video\">            <div class=\"background-video\" style=\"background-image: url('https:\/\/educacaointegral.org.br\/especiais\/rotas-e-redes-literarias-santa-rita\/wp-content\/uploads\/sites\/8\/2022\/06\/Grupo-1sdad.png')\" onclick=\"iniciarModalVideo(&#039;https:\/\/www.youtube.com\/watch?v=RisUbHr8T00&#039;)\">                <div class=\"background-linear\">                    <img class=\"icone-play\" src=\"https:\/\/educacaointegral.org.br\/especiais\/rotas-e-redes-literarias-santa-rita\/wp-content\/plugins\/rrl-santa-rita\/\/images\/icone-play.png\" alt=\"Assistir v\u00eddeo\" \/>                <\/div>            <\/div>        <\/div>    <\/div>    <div class=\"area-informacao\">        <h3 class=\"info-nome\">Volnei Can\u00f4nica<\/h3>        <span class=\"info-ocupacao\">Especialista em Literatura Infantil e Juvenil<\/span>        <div class=\"linha-amarela\"><\/div>        <span class=\"info-descricao\">Um pa\u00eds de leitores come\u00e7a na sala de aula<br><\/span>    <\/div><\/div>\n\n <div class=\"wp-block-create-block-card-video\">    <div class=\"area-video\">        <div class=\"imagem-video\">            <div class=\"background-video\" style=\"background-image: url('https:\/\/educacaointegral.org.br\/especiais\/rotas-e-redes-literarias-santa-rita\/wp-content\/uploads\/sites\/8\/2022\/09\/DSC_7846-scaled.jpg')\" onclick=\"iniciarModalVideo(&#039;&#039;)\">                <div class=\"background-linear\">                    <img class=\"icone-play\" src=\"https:\/\/educacaointegral.org.br\/especiais\/rotas-e-redes-literarias-santa-rita\/wp-content\/plugins\/rrl-santa-rita\/\/images\/icone-play.png\" alt=\"Assistir v\u00eddeo\" \/>                <\/div>            <\/div>        <\/div>    <\/div>    <div class=\"area-informacao\">        <h3 class=\"info-nome\">Diversificar as pr\u00e1ticas <\/h3>        <span class=\"info-ocupacao\">Leituras na escola <\/span>        <div class=\"linha-amarela\"><\/div>        <span class=\"info-descricao\">Literatura no cotidiano escolar <\/span>    <\/div><\/div>","protected":false},"excerpt":{"rendered":"<p>Mediar leitura \u00e9 promover experi\u00eancias significativas em torno dos textos, situa\u00e7\u00f5es que propiciam frui\u00e7\u00e3o, di\u00e1logo e aprendizagens a partir do encontro com os livros. Cada contexto pressup\u00f5e modos particulares de atua\u00e7\u00e3o do(a) professor(a) mediador(a) de leitura, pois deve considerar as especificidades da turma, do trabalho, da escola e de seus objetivos. Mas alguns pontos em [&hellip;]<\/p>\n","protected":false},"author":1,"featured_media":197,"parent":19,"menu_order":0,"comment_status":"closed","ping_status":"closed","template":"","meta":[],"yoast_head":"<!-- This site is optimized with the Yoast SEO plugin v19.13 - https:\/\/yoast.com\/wordpress\/plugins\/seo\/ -->\n<title>Forma\u00e7\u00e3o de Mediadores - Rotas e Redes Liter\u00e1rias Santa Rita<\/title>\n<meta name=\"robots\" content=\"index, follow, max-snippet:-1, max-image-preview:large, max-video-preview:-1\" \/>\n<link rel=\"canonical\" href=\"https:\/\/educacaointegral.org.br\/especiais\/rotas-e-redes-literarias-santa-rita\/estrategias\/formacao-de-mediadores\/\" \/>\n<meta property=\"og:locale\" content=\"pt_BR\" \/>\n<meta property=\"og:type\" content=\"article\" \/>\n<meta property=\"og:title\" content=\"Forma\u00e7\u00e3o de Mediadores - Rotas e Redes Liter\u00e1rias Santa Rita\" \/>\n<meta property=\"og:description\" content=\"Mediar leitura \u00e9 promover experi\u00eancias significativas em torno dos textos, situa\u00e7\u00f5es que propiciam frui\u00e7\u00e3o, di\u00e1logo e aprendizagens a partir do encontro com os livros. Cada contexto pressup\u00f5e modos particulares de atua\u00e7\u00e3o do(a) professor(a) mediador(a) de leitura, pois deve considerar as especificidades da turma, do trabalho, da escola e de seus objetivos. Mas alguns pontos em [&hellip;]\" \/>\n<meta property=\"og:url\" content=\"https:\/\/educacaointegral.org.br\/especiais\/rotas-e-redes-literarias-santa-rita\/estrategias\/formacao-de-mediadores\/\" \/>\n<meta property=\"og:site_name\" content=\"Rotas e Redes Liter\u00e1rias Santa Rita\" \/>\n<meta property=\"article:modified_time\" content=\"2022-09-04T13:39:30+00:00\" \/>\n<meta property=\"og:image\" content=\"https:\/\/educacaointegral.org.br\/especiais\/rotas-e-redes-literarias-santa-rita\/wp-content\/uploads\/sites\/8\/2022\/07\/formacao-interna.png\" \/>\n\t<meta property=\"og:image:width\" content=\"557\" \/>\n\t<meta property=\"og:image:height\" content=\"274\" \/>\n\t<meta property=\"og:image:type\" content=\"image\/png\" \/>\n<meta name=\"twitter:card\" content=\"summary_large_image\" \/>\n<meta name=\"twitter:label1\" content=\"Est. tempo de leitura\" \/>\n\t<meta name=\"twitter:data1\" content=\"1 minuto\" \/>\n<script type=\"application\/ld+json\" class=\"yoast-schema-graph\">{\"@context\":\"https:\/\/schema.org\",\"@graph\":[{\"@type\":\"WebPage\",\"@id\":\"https:\/\/educacaointegral.org.br\/especiais\/rotas-e-redes-literarias-santa-rita\/estrategias\/formacao-de-mediadores\/\",\"url\":\"https:\/\/educacaointegral.org.br\/especiais\/rotas-e-redes-literarias-santa-rita\/estrategias\/formacao-de-mediadores\/\",\"name\":\"Forma\u00e7\u00e3o de Mediadores - Rotas e Redes Liter\u00e1rias Santa Rita\",\"isPartOf\":{\"@id\":\"https:\/\/educacaointegral.org.br\/especiais\/rotas-e-redes-literarias-santa-rita\/#website\"},\"datePublished\":\"2022-06-22T19:46:48+00:00\",\"dateModified\":\"2022-09-04T13:39:30+00:00\",\"breadcrumb\":{\"@id\":\"https:\/\/educacaointegral.org.br\/especiais\/rotas-e-redes-literarias-santa-rita\/estrategias\/formacao-de-mediadores\/#breadcrumb\"},\"inLanguage\":\"pt-BR\",\"potentialAction\":[{\"@type\":\"ReadAction\",\"target\":[\"https:\/\/educacaointegral.org.br\/especiais\/rotas-e-redes-literarias-santa-rita\/estrategias\/formacao-de-mediadores\/\"]}]},{\"@type\":\"BreadcrumbList\",\"@id\":\"https:\/\/educacaointegral.org.br\/especiais\/rotas-e-redes-literarias-santa-rita\/estrategias\/formacao-de-mediadores\/#breadcrumb\",\"itemListElement\":[{\"@type\":\"ListItem\",\"position\":1,\"name\":\"In\u00edcio\",\"item\":\"https:\/\/educacaointegral.org.br\/especiais\/rotas-e-redes-literarias-santa-rita\/\"},{\"@type\":\"ListItem\",\"position\":2,\"name\":\"Estrat\u00e9gias\",\"item\":\"https:\/\/educacaointegral.org.br\/especiais\/rotas-e-redes-literarias-santa-rita\/estrategias\/\"},{\"@type\":\"ListItem\",\"position\":3,\"name\":\"Forma\u00e7\u00e3o de Mediadores\"}]},{\"@type\":\"WebSite\",\"@id\":\"https:\/\/educacaointegral.org.br\/especiais\/rotas-e-redes-literarias-santa-rita\/#website\",\"url\":\"https:\/\/educacaointegral.org.br\/especiais\/rotas-e-redes-literarias-santa-rita\/\",\"name\":\"Rotas e Redes Liter\u00e1rias Santa Rita\",\"description\":\"S\u00f3 mais um site Centro de Refer\u00eancias em Educa\u00e7\u00e3o Integral | Especiais sites\",\"potentialAction\":[{\"@type\":\"SearchAction\",\"target\":{\"@type\":\"EntryPoint\",\"urlTemplate\":\"https:\/\/educacaointegral.org.br\/especiais\/rotas-e-redes-literarias-santa-rita\/?s={search_term_string}\"},\"query-input\":\"required name=search_term_string\"}],\"inLanguage\":\"pt-BR\"}]}<\/script>\n<!-- \/ Yoast SEO plugin. -->","yoast_head_json":{"title":"Forma\u00e7\u00e3o de Mediadores - Rotas e Redes Liter\u00e1rias Santa Rita","robots":{"index":"index","follow":"follow","max-snippet":"max-snippet:-1","max-image-preview":"max-image-preview:large","max-video-preview":"max-video-preview:-1"},"canonical":"https:\/\/educacaointegral.org.br\/especiais\/rotas-e-redes-literarias-santa-rita\/estrategias\/formacao-de-mediadores\/","og_locale":"pt_BR","og_type":"article","og_title":"Forma\u00e7\u00e3o de Mediadores - Rotas e Redes Liter\u00e1rias Santa Rita","og_description":"Mediar leitura \u00e9 promover experi\u00eancias significativas em torno dos textos, situa\u00e7\u00f5es que propiciam frui\u00e7\u00e3o, di\u00e1logo e aprendizagens a partir do encontro com os livros. Cada contexto pressup\u00f5e modos particulares de atua\u00e7\u00e3o do(a) professor(a) mediador(a) de leitura, pois deve considerar as especificidades da turma, do trabalho, da escola e de seus objetivos. Mas alguns pontos em [&hellip;]","og_url":"https:\/\/educacaointegral.org.br\/especiais\/rotas-e-redes-literarias-santa-rita\/estrategias\/formacao-de-mediadores\/","og_site_name":"Rotas e Redes Liter\u00e1rias Santa Rita","article_modified_time":"2022-09-04T13:39:30+00:00","og_image":[{"width":557,"height":274,"url":"https:\/\/educacaointegral.org.br\/especiais\/rotas-e-redes-literarias-santa-rita\/wp-content\/uploads\/sites\/8\/2022\/07\/formacao-interna.png","type":"image\/png"}],"twitter_card":"summary_large_image","twitter_misc":{"Est. tempo de leitura":"1 minuto"},"schema":{"@context":"https:\/\/schema.org","@graph":[{"@type":"WebPage","@id":"https:\/\/educacaointegral.org.br\/especiais\/rotas-e-redes-literarias-santa-rita\/estrategias\/formacao-de-mediadores\/","url":"https:\/\/educacaointegral.org.br\/especiais\/rotas-e-redes-literarias-santa-rita\/estrategias\/formacao-de-mediadores\/","name":"Forma\u00e7\u00e3o de Mediadores - Rotas e Redes Liter\u00e1rias Santa Rita","isPartOf":{"@id":"https:\/\/educacaointegral.org.br\/especiais\/rotas-e-redes-literarias-santa-rita\/#website"},"datePublished":"2022-06-22T19:46:48+00:00","dateModified":"2022-09-04T13:39:30+00:00","breadcrumb":{"@id":"https:\/\/educacaointegral.org.br\/especiais\/rotas-e-redes-literarias-santa-rita\/estrategias\/formacao-de-mediadores\/#breadcrumb"},"inLanguage":"pt-BR","potentialAction":[{"@type":"ReadAction","target":["https:\/\/educacaointegral.org.br\/especiais\/rotas-e-redes-literarias-santa-rita\/estrategias\/formacao-de-mediadores\/"]}]},{"@type":"BreadcrumbList","@id":"https:\/\/educacaointegral.org.br\/especiais\/rotas-e-redes-literarias-santa-rita\/estrategias\/formacao-de-mediadores\/#breadcrumb","itemListElement":[{"@type":"ListItem","position":1,"name":"In\u00edcio","item":"https:\/\/educacaointegral.org.br\/especiais\/rotas-e-redes-literarias-santa-rita\/"},{"@type":"ListItem","position":2,"name":"Estrat\u00e9gias","item":"https:\/\/educacaointegral.org.br\/especiais\/rotas-e-redes-literarias-santa-rita\/estrategias\/"},{"@type":"ListItem","position":3,"name":"Forma\u00e7\u00e3o de Mediadores"}]},{"@type":"WebSite","@id":"https:\/\/educacaointegral.org.br\/especiais\/rotas-e-redes-literarias-santa-rita\/#website","url":"https:\/\/educacaointegral.org.br\/especiais\/rotas-e-redes-literarias-santa-rita\/","name":"Rotas e Redes Liter\u00e1rias Santa Rita","description":"S\u00f3 mais um site Centro de Refer\u00eancias em Educa\u00e7\u00e3o Integral | Especiais sites","potentialAction":[{"@type":"SearchAction","target":{"@type":"EntryPoint","urlTemplate":"https:\/\/educacaointegral.org.br\/especiais\/rotas-e-redes-literarias-santa-rita\/?s={search_term_string}"},"query-input":"required name=search_term_string"}],"inLanguage":"pt-BR"}]}},"_links":{"self":[{"href":"https:\/\/educacaointegral.org.br\/especiais\/rotas-e-redes-literarias-santa-rita\/wp-json\/wp\/v2\/pages\/38"}],"collection":[{"href":"https:\/\/educacaointegral.org.br\/especiais\/rotas-e-redes-literarias-santa-rita\/wp-json\/wp\/v2\/pages"}],"about":[{"href":"https:\/\/educacaointegral.org.br\/especiais\/rotas-e-redes-literarias-santa-rita\/wp-json\/wp\/v2\/types\/page"}],"author":[{"embeddable":true,"href":"https:\/\/educacaointegral.org.br\/especiais\/rotas-e-redes-literarias-santa-rita\/wp-json\/wp\/v2\/users\/1"}],"replies":[{"embeddable":true,"href":"https:\/\/educacaointegral.org.br\/especiais\/rotas-e-redes-literarias-santa-rita\/wp-json\/wp\/v2\/comments?post=38"}],"version-history":[{"count":25,"href":"https:\/\/educacaointegral.org.br\/especiais\/rotas-e-redes-literarias-santa-rita\/wp-json\/wp\/v2\/pages\/38\/revisions"}],"predecessor-version":[{"id":614,"href":"https:\/\/educacaointegral.org.br\/especiais\/rotas-e-redes-literarias-santa-rita\/wp-json\/wp\/v2\/pages\/38\/revisions\/614"}],"up":[{"embeddable":true,"href":"https:\/\/educacaointegral.org.br\/especiais\/rotas-e-redes-literarias-santa-rita\/wp-json\/wp\/v2\/pages\/19"}],"wp:featuredmedia":[{"embeddable":true,"href":"https:\/\/educacaointegral.org.br\/especiais\/rotas-e-redes-literarias-santa-rita\/wp-json\/wp\/v2\/media\/197"}],"wp:attachment":[{"href":"https:\/\/educacaointegral.org.br\/especiais\/rotas-e-redes-literarias-santa-rita\/wp-json\/wp\/v2\/media?parent=38"}],"curies":[{"name":"wp","href":"https:\/\/api.w.org\/{rel}","templated":true}]}}