{"id":30,"date":"2022-06-22T16:43:06","date_gmt":"2022-06-22T19:43:06","guid":{"rendered":"https:\/\/educacaointegral.org.br\/especiais\/rotas-e-redes-literarias-santa-rita\/?page_id=30"},"modified":"2022-09-04T10:56:42","modified_gmt":"2022-09-04T13:56:42","slug":"mobiliario-de-leitura","status":"publish","type":"page","link":"https:\/\/educacaointegral.org.br\/especiais\/rotas-e-redes-literarias-santa-rita\/estrategias\/mobiliario-de-leitura\/","title":{"rendered":"Mobili\u00e1rio de leitura"},"content":{"rendered":"\n<p>O momento de leitura na escola deve ser planejado considerando-se tamb\u00e9m o ambiente no qual estudantes entrar\u00e3o em contato com os livros.  Considerar a luminosidade, a temperatura e o conforto nesses encontros \u00e9 muito importante. Planejar um espa\u00e7o onde os livros estejam organizados e acess\u00edveis aos leitores de todos as idades, tamanhos e necessidades, \u00e9 tamb\u00e9m fundamental.  Os espa\u00e7os de leitura podem, ainda, contemplar diferentes gestos de leitura (individual, coletiva, compartilhada, deleite etc) possibilitando que estudantes e professores tenham prazer em permanecer em contato com os livros. <\/p>\n\n\n <div class=\"wp-block-create-block-card-video wp-block-create-block-card-video\">    <div class=\"area-video\">        <div class=\"imagem-video\">            <div class=\"background-video\" style=\"background-image: url('https:\/\/educacaointegral.org.br\/especiais\/rotas-e-redes-literarias-santa-rita\/wp-content\/uploads\/sites\/8\/2022\/06\/Grupo-1-1.png')\" onclick=\"iniciarModalVideo(&#039;https:\/\/www.youtube.com\/watch?v=648Bd_QfxCY&#039;)\">                <div class=\"background-linear\">                    <img class=\"icone-play\" src=\"https:\/\/educacaointegral.org.br\/especiais\/rotas-e-redes-literarias-santa-rita\/wp-content\/plugins\/rrl-santa-rita\/\/images\/icone-play.png\" alt=\"Assistir v\u00eddeo\" \/>                <\/div>            <\/div>        <\/div>    <\/div>    <div class=\"area-informacao\">        <h3 class=\"info-nome\">Rodrigo Mindlin<\/h3>        <span class=\"info-ocupacao\">Arquiteto<\/span>        <div class=\"linha-amarela\"><\/div>        <span class=\"info-descricao\">O mobili\u00e1rio tamb\u00e9m  contribui com a forma\u00e7\u00e3o de leitores <\/span>    <\/div><\/div>\n\n\n<div class=\"wp-block-create-block-titulo-pontilhado\"><h2 class=\"titulo-pontilhado\">Premissas para escolha do mobili\u00e1rio de leitura<\/h2><img src=\"https:\/\/educacaointegral.org.br\/especiais\/rotas-e-redes-literarias-santa-rita\/wp-content\/plugins\/rrl-santa-rita\/build\/images\/pontilhado-amarelo.ec7fd80e.png\" \/><\/div>\n\n\n\n<div class=\"wp-block-create-block-area-card-colorido\"> <div class=\"wp-block-create-block-card-colorido is-style-vermelho1 wp-block-create-block-card-colorido\">    <div class=\"card-colorido\">        <div class=\"area-texto\">            <span class=\"texto1\">Organiza\u00e7\u00e3o<\/span>            <span class=\"texto2\"><\/span>        <\/div>        <a class=\"botao\" onclick=\"iniciarModalCardColorido(&#039;O ambiente no qual as crian\u00e7as e jovens entram em contato com os livros \u00e9 importante para uma rela\u00e7\u00e3o mais prazerosa e significativa com a leitura. Um espa\u00e7o organizado pode contemplar estantes, mesas e cadeiras de diferentes tamanhos, alturas e cores, arm\u00e1rios fechados e abertos, poltronas, almofadas, puffs, tapetes e o uso de etiquetas para identificar o acervo. Essa multiplicidade de recursos para compor o espa\u00e7o, torna poss\u00edvel que os (as) estudantes e professores identifiquem o acervo dispon\u00edvel, vejam as capas dos livros e a variedade do acervo existente. Al\u00e9m disso, um ambiente planejado e organizado, pode promover diferentes pr\u00e1ticas de leitura, tais como: leitura individual, coletiva, silenciosa e compartilhada, tornando o espa\u00e7o ajust\u00e1vel \u00e0s demandas de professores e estudantes.  &#039;, &#039;Organiza\u00e7\u00e3o do espa\u00e7o leitor&#039;)\"> Saiba +<\/a>    <\/div><\/div>\n\n <div class=\"wp-block-create-block-card-colorido is-style-amarelo2 wp-block-create-block-card-colorido\">    <div class=\"card-colorido\">        <div class=\"area-texto\">            <span class=\"texto1\">Acessibilidade<\/span>            <span class=\"texto2\"><\/span>        <\/div>        <a class=\"botao\" onclick=\"iniciarModalCardColorido(&#039;Garantir que toda a comunidade escolar tenha acesso aos livros na escola pressup\u00f5e, al\u00e9m de incluir no acervo vers\u00f5es de textos adaptados \u00e0s pessoas com perda ou redu\u00e7\u00e3o da capacidade visual, tamb\u00e9m planejar ambientes em que seja poss\u00edvel a entrada e perman\u00eancia de pessoas com m\u00faltiplas defici\u00eancias. Nesse sentido, \u00e9 tamb\u00e9m importante estruturar m\u00f3veis e atividades que possam se deslocar pelo territ\u00f3rio, indo ao encontro de todos (as) aqueles (as) que, por diferentes motivos, n\u00e3o estejam acessando a leitura.&#039;, &#039;Acessibilidade&#039;)\"> Saiba +<\/a>    <\/div><\/div>\n\n <div class=\"wp-block-create-block-card-colorido is-style-vermelho1 wp-block-create-block-card-colorido\">    <div class=\"card-colorido\">        <div class=\"area-texto\">            <span class=\"texto1\">Ludicidade<\/span>            <span class=\"texto2\"><\/span>        <\/div>        <a class=\"botao\" onclick=\"iniciarModalCardColorido(&#039;Brincar \u00e9 um modo de interagir com o outro, se conhecer e se expressar. O ambiente de leitura pode ser um espa\u00e7o l\u00fadico, onde se brinca com as palavras e a imagina\u00e7\u00e3o e, portanto, liberdade, movimento, imita\u00e7\u00e3o, cria\u00e7\u00e3o, musicalidade, intera\u00e7\u00e3o, trocas... tudo isso faz parte do ambiente de encontro com os livros de literatura. Possibilitar um ambiente que permita atividades descontra\u00eddas em torno da oralidade e da leitura, \u00e9 promover o prazer de estar no meio de hist\u00f3rias. &#039;, &#039;Ludicidade&#039;)\"> Saiba + <\/a>    <\/div><\/div>\n\n <div class=\"wp-block-create-block-card-colorido is-style-amarelo1 wp-block-create-block-card-colorido\">    <div class=\"card-colorido\">        <div class=\"area-texto\">            <span class=\"texto1\">Mobilidade<\/span>            <span class=\"texto2\"><\/span>        <\/div>        <a class=\"botao\" onclick=\"iniciarModalCardColorido(&#039;Os livros podem estar presentes em v\u00e1rios ambientes da escola e, para isso, pode-se contar com m\u00f3veis fixos e outros que fa\u00e7am o acervo circular pelo territ\u00f3rio, tais como sacolas, cestas e carrinhos. Pensar na mobilidade \u00e9 considerar, al\u00e9m das condi\u00e7\u00f5es necess\u00e1rias para que o maior n\u00famero de pessoas acesse os livros, como os livros tamb\u00e9m podem chegar at\u00e9 as pessoas.&#039;, &#039;Mobilidade&#039;)\"> Saiba +<\/a>    <\/div><\/div>\n\n <div class=\"wp-block-create-block-card-colorido is-style-vermelho1 wp-block-create-block-card-colorido\">    <div class=\"card-colorido\">        <div class=\"area-texto\">            <span class=\"texto1\">Conforto<\/span>            <span class=\"texto2\"><\/span>        <\/div>        <a class=\"botao\" onclick=\"iniciarModalCardColorido(&#039;As instala\u00e7\u00f5es f\u00edsicas devem proporcionar \u00e0s pessoas um ambiente confort\u00e1vel para perman\u00eancia e para o desenvolvimento de suas atividades, assim como oferecer condi\u00e7\u00f5es favor\u00e1veis para a preserva\u00e7\u00e3o do acervo. Ao pensar em conforto, al\u00e9m de buscar um mobili\u00e1rio que permita o bem-estar de diferentes corpos, em diferentes atos de leitura (sentados, em p\u00e9, em grupos, individualmente etc) \u00e9 fundamental considerar, tamb\u00e9m, se as condi\u00e7\u00f5es t\u00e9rmicas, ac\u00fasticas e de luminosidade do espa\u00e7o est\u00e3o adequadas.&#039;, &#039;Conforto&#039;)\"> Saiba +<\/a>    <\/div><\/div>\n\n <div class=\"wp-block-create-block-card-colorido is-style-amarelo1 wp-block-create-block-card-colorido\">    <div class=\"card-colorido\">        <div class=\"area-texto\">            <span class=\"texto1\">Multifuncionalidade<\/span>            <span class=\"texto2\"><\/span>        <\/div>        <a class=\"botao\" onclick=\"iniciarModalCardColorido(&#039;As atividades em torno dos livros e da leitura podem ser v\u00e1rias: pesquisas, conversas, saraus, pe\u00e7as de teatro, narra\u00e7\u00e3o de hist\u00f3rias, entre outras. Planejar um ambiente que pode ser transformado, de acordo com as necessidades do (a) professor(a) e da turma, \u00e9 muito importante para que o espa\u00e7o torne-se \u00fatil, vivo e em di\u00e1logo com as condi\u00e7\u00f5es da escola e da comunidade. &#039;, &#039;Multifuncionalidade&#039;)\"> Saiba +<\/a>    <\/div><\/div><\/div>\n\n\n\n<div class=\"wp-block-create-block-area-card-colorido\"><\/div>\n\n\n\n<p><\/p>\n\n\n\n<div class=\"wp-block-create-block-titulo-pontilhado\"><h2 class=\"titulo-pontilhado\">Mobili\u00e1rio em movimento<\/h2><img src=\"https:\/\/educacaointegral.org.br\/especiais\/rotas-e-redes-literarias-santa-rita\/wp-content\/plugins\/rrl-santa-rita\/build\/images\/pontilhado-amarelo.ec7fd80e.png\" \/><\/div>\n\n\n <div class=\"wp-block-create-block-card-video wp-block-create-block-card-video\">    <div class=\"area-video\">        <div class=\"imagem-video\">            <div class=\"background-video\" style=\"background-image: url('https:\/\/educacaointegral.org.br\/especiais\/rotas-e-redes-literarias-santa-rita\/wp-content\/uploads\/sites\/8\/2022\/07\/DSC_7450-scaled.jpg')\" onclick=\"iniciarModalVideo(&#039;https:\/\/www.youtube.com\/watch?v=JbxOSVl8ATs&#039;)\">                <div class=\"background-linear\">                    <img class=\"icone-play\" src=\"https:\/\/educacaointegral.org.br\/especiais\/rotas-e-redes-literarias-santa-rita\/wp-content\/plugins\/rrl-santa-rita\/\/images\/icone-play.png\" alt=\"Assistir v\u00eddeo\" \/>                <\/div>            <\/div>        <\/div>    <\/div>    <div class=\"area-informacao\">        <h3 class=\"info-nome\">Biblioteca m\u00f3vel<\/h3>        <span class=\"info-ocupacao\">Livros ao alcance das m\u00e3os<\/span>        <div class=\"linha-amarela\"><\/div>        <span class=\"info-descricao\">A leitura presente em todos os espa\u00e7os da escola<\/span>    <\/div><\/div>\n\n\n<div class=\"wp-block-create-block-titulo-pontilhado\"><h2 class=\"titulo-pontilhado\">Mobili\u00e1rio<\/h2><img src=\"https:\/\/educacaointegral.org.br\/especiais\/rotas-e-redes-literarias-santa-rita\/wp-content\/plugins\/rrl-santa-rita\/build\/images\/pontilhado-amarelo.ec7fd80e.png\" \/><\/div>\n\n\n\n<figure class=\"wp-block-gallery has-nested-images columns-default is-cropped\">\n<figure class=\"wp-block-image size-large\"><img loading=\"lazy\" width=\"869\" height=\"395\" data-id=\"34\"  src=\"https:\/\/educacaointegral.org.br\/especiais\/rotas-e-redes-literarias-santa-rita\/wp-content\/uploads\/sites\/8\/2022\/06\/DSC_7194.png\" alt=\"\" class=\"wp-image-34\" srcset=\"https:\/\/educacaointegral.org.br\/especiais\/rotas-e-redes-literarias-santa-rita\/wp-content\/uploads\/sites\/8\/2022\/06\/DSC_7194.png 869w, https:\/\/educacaointegral.org.br\/especiais\/rotas-e-redes-literarias-santa-rita\/wp-content\/uploads\/sites\/8\/2022\/06\/DSC_7194-300x136.png 300w, https:\/\/educacaointegral.org.br\/especiais\/rotas-e-redes-literarias-santa-rita\/wp-content\/uploads\/sites\/8\/2022\/06\/DSC_7194-768x349.png 768w\" sizes=\"(max-width: 869px) 100vw, 869px\" \/><\/figure>\n\n\n\n<figure class=\"wp-block-image size-large\"><img loading=\"lazy\" width=\"684\" height=\"1024\" data-id=\"188\"  src=\"https:\/\/educacaointegral.org.br\/especiais\/rotas-e-redes-literarias-santa-rita\/wp-content\/uploads\/sites\/8\/2022\/07\/DSC_8002-684x1024.jpg\" alt=\"\" class=\"wp-image-188\" srcset=\"https:\/\/educacaointegral.org.br\/especiais\/rotas-e-redes-literarias-santa-rita\/wp-content\/uploads\/sites\/8\/2022\/07\/DSC_8002-684x1024.jpg 684w, https:\/\/educacaointegral.org.br\/especiais\/rotas-e-redes-literarias-santa-rita\/wp-content\/uploads\/sites\/8\/2022\/07\/DSC_8002-200x300.jpg 200w, https:\/\/educacaointegral.org.br\/especiais\/rotas-e-redes-literarias-santa-rita\/wp-content\/uploads\/sites\/8\/2022\/07\/DSC_8002-768x1150.jpg 768w, https:\/\/educacaointegral.org.br\/especiais\/rotas-e-redes-literarias-santa-rita\/wp-content\/uploads\/sites\/8\/2022\/07\/DSC_8002-1026x1536.jpg 1026w, https:\/\/educacaointegral.org.br\/especiais\/rotas-e-redes-literarias-santa-rita\/wp-content\/uploads\/sites\/8\/2022\/07\/DSC_8002-1367x2048.jpg 1367w, https:\/\/educacaointegral.org.br\/especiais\/rotas-e-redes-literarias-santa-rita\/wp-content\/uploads\/sites\/8\/2022\/07\/DSC_8002-scaled.jpg 1709w\" sizes=\"(max-width: 684px) 100vw, 684px\" \/><\/figure>\n\n\n\n<figure class=\"wp-block-image size-large\"><img loading=\"lazy\" width=\"1024\" height=\"684\" data-id=\"192\"  src=\"https:\/\/educacaointegral.org.br\/especiais\/rotas-e-redes-literarias-santa-rita\/wp-content\/uploads\/sites\/8\/2022\/07\/DSC_7385-1024x684.jpg\" alt=\"\" class=\"wp-image-192\" srcset=\"https:\/\/educacaointegral.org.br\/especiais\/rotas-e-redes-literarias-santa-rita\/wp-content\/uploads\/sites\/8\/2022\/07\/DSC_7385-1024x684.jpg 1024w, https:\/\/educacaointegral.org.br\/especiais\/rotas-e-redes-literarias-santa-rita\/wp-content\/uploads\/sites\/8\/2022\/07\/DSC_7385-300x200.jpg 300w, https:\/\/educacaointegral.org.br\/especiais\/rotas-e-redes-literarias-santa-rita\/wp-content\/uploads\/sites\/8\/2022\/07\/DSC_7385-768x513.jpg 768w, https:\/\/educacaointegral.org.br\/especiais\/rotas-e-redes-literarias-santa-rita\/wp-content\/uploads\/sites\/8\/2022\/07\/DSC_7385-1536x1026.jpg 1536w, https:\/\/educacaointegral.org.br\/especiais\/rotas-e-redes-literarias-santa-rita\/wp-content\/uploads\/sites\/8\/2022\/07\/DSC_7385-2048x1367.jpg 2048w\" sizes=\"(max-width: 1024px) 100vw, 1024px\" \/><\/figure>\n<\/figure>\n\n\n\n<div class=\"wp-block-create-block-botao-borda-vermelha\"><div class=\"area-botao-borda-vermelha\"><a class=\"botao-borda-vermelha\" href=\"https:\/\/drive.google.com\/file\/d\/1pQSSTb8FO3YUbsALWWZCAVQY_2S8z1UM\/view?usp=sharing\" target=\"_blank\" rel=\"noopener\">Fa\u00e7a o download do projeto<\/a><\/div><\/div>\n","protected":false},"excerpt":{"rendered":"<p>O momento de leitura na escola deve ser planejado considerando-se tamb\u00e9m o ambiente no qual estudantes entrar\u00e3o em contato com os livros. Considerar a luminosidade, a temperatura e o conforto nesses encontros \u00e9 muito importante. Planejar um espa\u00e7o onde os livros estejam organizados e acess\u00edveis aos leitores de todos as idades, tamanhos e necessidades, \u00e9 [&hellip;]<\/p>\n","protected":false},"author":1,"featured_media":198,"parent":19,"menu_order":0,"comment_status":"closed","ping_status":"closed","template":"","meta":[],"yoast_head":"<!-- This site is optimized with the Yoast SEO plugin v19.13 - https:\/\/yoast.com\/wordpress\/plugins\/seo\/ -->\n<title>Mobili\u00e1rio de leitura - Rotas e Redes Liter\u00e1rias Santa Rita<\/title>\n<meta name=\"robots\" content=\"index, follow, max-snippet:-1, max-image-preview:large, max-video-preview:-1\" \/>\n<link rel=\"canonical\" href=\"https:\/\/educacaointegral.org.br\/especiais\/rotas-e-redes-literarias-santa-rita\/estrategias\/mobiliario-de-leitura\/\" \/>\n<meta property=\"og:locale\" content=\"pt_BR\" \/>\n<meta property=\"og:type\" content=\"article\" \/>\n<meta property=\"og:title\" content=\"Mobili\u00e1rio de leitura - Rotas e Redes Liter\u00e1rias Santa Rita\" \/>\n<meta property=\"og:description\" content=\"O momento de leitura na escola deve ser planejado considerando-se tamb\u00e9m o ambiente no qual estudantes entrar\u00e3o em contato com os livros. Considerar a luminosidade, a temperatura e o conforto nesses encontros \u00e9 muito importante. Planejar um espa\u00e7o onde os livros estejam organizados e acess\u00edveis aos leitores de todos as idades, tamanhos e necessidades, \u00e9 [&hellip;]\" \/>\n<meta property=\"og:url\" content=\"https:\/\/educacaointegral.org.br\/especiais\/rotas-e-redes-literarias-santa-rita\/estrategias\/mobiliario-de-leitura\/\" \/>\n<meta property=\"og:site_name\" content=\"Rotas e Redes Liter\u00e1rias Santa Rita\" \/>\n<meta property=\"article:modified_time\" content=\"2022-09-04T13:56:42+00:00\" \/>\n<meta property=\"og:image\" content=\"https:\/\/educacaointegral.org.br\/especiais\/rotas-e-redes-literarias-santa-rita\/wp-content\/uploads\/sites\/8\/2022\/07\/mobiliario-interna.png\" \/>\n\t<meta property=\"og:image:width\" content=\"465\" \/>\n\t<meta property=\"og:image:height\" content=\"343\" \/>\n\t<meta property=\"og:image:type\" content=\"image\/png\" \/>\n<meta name=\"twitter:card\" content=\"summary_large_image\" \/>\n<meta name=\"twitter:label1\" content=\"Est. tempo de leitura\" \/>\n\t<meta name=\"twitter:data1\" content=\"1 minuto\" \/>\n<script type=\"application\/ld+json\" class=\"yoast-schema-graph\">{\"@context\":\"https:\/\/schema.org\",\"@graph\":[{\"@type\":\"WebPage\",\"@id\":\"https:\/\/educacaointegral.org.br\/especiais\/rotas-e-redes-literarias-santa-rita\/estrategias\/mobiliario-de-leitura\/\",\"url\":\"https:\/\/educacaointegral.org.br\/especiais\/rotas-e-redes-literarias-santa-rita\/estrategias\/mobiliario-de-leitura\/\",\"name\":\"Mobili\u00e1rio de leitura - Rotas e Redes Liter\u00e1rias Santa Rita\",\"isPartOf\":{\"@id\":\"https:\/\/educacaointegral.org.br\/especiais\/rotas-e-redes-literarias-santa-rita\/#website\"},\"datePublished\":\"2022-06-22T19:43:06+00:00\",\"dateModified\":\"2022-09-04T13:56:42+00:00\",\"breadcrumb\":{\"@id\":\"https:\/\/educacaointegral.org.br\/especiais\/rotas-e-redes-literarias-santa-rita\/estrategias\/mobiliario-de-leitura\/#breadcrumb\"},\"inLanguage\":\"pt-BR\",\"potentialAction\":[{\"@type\":\"ReadAction\",\"target\":[\"https:\/\/educacaointegral.org.br\/especiais\/rotas-e-redes-literarias-santa-rita\/estrategias\/mobiliario-de-leitura\/\"]}]},{\"@type\":\"BreadcrumbList\",\"@id\":\"https:\/\/educacaointegral.org.br\/especiais\/rotas-e-redes-literarias-santa-rita\/estrategias\/mobiliario-de-leitura\/#breadcrumb\",\"itemListElement\":[{\"@type\":\"ListItem\",\"position\":1,\"name\":\"In\u00edcio\",\"item\":\"https:\/\/educacaointegral.org.br\/especiais\/rotas-e-redes-literarias-santa-rita\/\"},{\"@type\":\"ListItem\",\"position\":2,\"name\":\"Estrat\u00e9gias\",\"item\":\"https:\/\/educacaointegral.org.br\/especiais\/rotas-e-redes-literarias-santa-rita\/estrategias\/\"},{\"@type\":\"ListItem\",\"position\":3,\"name\":\"Mobili\u00e1rio de leitura\"}]},{\"@type\":\"WebSite\",\"@id\":\"https:\/\/educacaointegral.org.br\/especiais\/rotas-e-redes-literarias-santa-rita\/#website\",\"url\":\"https:\/\/educacaointegral.org.br\/especiais\/rotas-e-redes-literarias-santa-rita\/\",\"name\":\"Rotas e Redes Liter\u00e1rias Santa Rita\",\"description\":\"S\u00f3 mais um site Centro de Refer\u00eancias em Educa\u00e7\u00e3o Integral | Especiais sites\",\"potentialAction\":[{\"@type\":\"SearchAction\",\"target\":{\"@type\":\"EntryPoint\",\"urlTemplate\":\"https:\/\/educacaointegral.org.br\/especiais\/rotas-e-redes-literarias-santa-rita\/?s={search_term_string}\"},\"query-input\":\"required name=search_term_string\"}],\"inLanguage\":\"pt-BR\"}]}<\/script>\n<!-- \/ Yoast SEO plugin. -->","yoast_head_json":{"title":"Mobili\u00e1rio de leitura - Rotas e Redes Liter\u00e1rias Santa Rita","robots":{"index":"index","follow":"follow","max-snippet":"max-snippet:-1","max-image-preview":"max-image-preview:large","max-video-preview":"max-video-preview:-1"},"canonical":"https:\/\/educacaointegral.org.br\/especiais\/rotas-e-redes-literarias-santa-rita\/estrategias\/mobiliario-de-leitura\/","og_locale":"pt_BR","og_type":"article","og_title":"Mobili\u00e1rio de leitura - Rotas e Redes Liter\u00e1rias Santa Rita","og_description":"O momento de leitura na escola deve ser planejado considerando-se tamb\u00e9m o ambiente no qual estudantes entrar\u00e3o em contato com os livros. Considerar a luminosidade, a temperatura e o conforto nesses encontros \u00e9 muito importante. Planejar um espa\u00e7o onde os livros estejam organizados e acess\u00edveis aos leitores de todos as idades, tamanhos e necessidades, \u00e9 [&hellip;]","og_url":"https:\/\/educacaointegral.org.br\/especiais\/rotas-e-redes-literarias-santa-rita\/estrategias\/mobiliario-de-leitura\/","og_site_name":"Rotas e Redes Liter\u00e1rias Santa Rita","article_modified_time":"2022-09-04T13:56:42+00:00","og_image":[{"width":465,"height":343,"url":"https:\/\/educacaointegral.org.br\/especiais\/rotas-e-redes-literarias-santa-rita\/wp-content\/uploads\/sites\/8\/2022\/07\/mobiliario-interna.png","type":"image\/png"}],"twitter_card":"summary_large_image","twitter_misc":{"Est. tempo de leitura":"1 minuto"},"schema":{"@context":"https:\/\/schema.org","@graph":[{"@type":"WebPage","@id":"https:\/\/educacaointegral.org.br\/especiais\/rotas-e-redes-literarias-santa-rita\/estrategias\/mobiliario-de-leitura\/","url":"https:\/\/educacaointegral.org.br\/especiais\/rotas-e-redes-literarias-santa-rita\/estrategias\/mobiliario-de-leitura\/","name":"Mobili\u00e1rio de leitura - Rotas e Redes Liter\u00e1rias Santa Rita","isPartOf":{"@id":"https:\/\/educacaointegral.org.br\/especiais\/rotas-e-redes-literarias-santa-rita\/#website"},"datePublished":"2022-06-22T19:43:06+00:00","dateModified":"2022-09-04T13:56:42+00:00","breadcrumb":{"@id":"https:\/\/educacaointegral.org.br\/especiais\/rotas-e-redes-literarias-santa-rita\/estrategias\/mobiliario-de-leitura\/#breadcrumb"},"inLanguage":"pt-BR","potentialAction":[{"@type":"ReadAction","target":["https:\/\/educacaointegral.org.br\/especiais\/rotas-e-redes-literarias-santa-rita\/estrategias\/mobiliario-de-leitura\/"]}]},{"@type":"BreadcrumbList","@id":"https:\/\/educacaointegral.org.br\/especiais\/rotas-e-redes-literarias-santa-rita\/estrategias\/mobiliario-de-leitura\/#breadcrumb","itemListElement":[{"@type":"ListItem","position":1,"name":"In\u00edcio","item":"https:\/\/educacaointegral.org.br\/especiais\/rotas-e-redes-literarias-santa-rita\/"},{"@type":"ListItem","position":2,"name":"Estrat\u00e9gias","item":"https:\/\/educacaointegral.org.br\/especiais\/rotas-e-redes-literarias-santa-rita\/estrategias\/"},{"@type":"ListItem","position":3,"name":"Mobili\u00e1rio de leitura"}]},{"@type":"WebSite","@id":"https:\/\/educacaointegral.org.br\/especiais\/rotas-e-redes-literarias-santa-rita\/#website","url":"https:\/\/educacaointegral.org.br\/especiais\/rotas-e-redes-literarias-santa-rita\/","name":"Rotas e Redes Liter\u00e1rias Santa Rita","description":"S\u00f3 mais um site Centro de Refer\u00eancias em Educa\u00e7\u00e3o Integral | Especiais sites","potentialAction":[{"@type":"SearchAction","target":{"@type":"EntryPoint","urlTemplate":"https:\/\/educacaointegral.org.br\/especiais\/rotas-e-redes-literarias-santa-rita\/?s={search_term_string}"},"query-input":"required name=search_term_string"}],"inLanguage":"pt-BR"}]}},"_links":{"self":[{"href":"https:\/\/educacaointegral.org.br\/especiais\/rotas-e-redes-literarias-santa-rita\/wp-json\/wp\/v2\/pages\/30"}],"collection":[{"href":"https:\/\/educacaointegral.org.br\/especiais\/rotas-e-redes-literarias-santa-rita\/wp-json\/wp\/v2\/pages"}],"about":[{"href":"https:\/\/educacaointegral.org.br\/especiais\/rotas-e-redes-literarias-santa-rita\/wp-json\/wp\/v2\/types\/page"}],"author":[{"embeddable":true,"href":"https:\/\/educacaointegral.org.br\/especiais\/rotas-e-redes-literarias-santa-rita\/wp-json\/wp\/v2\/users\/1"}],"replies":[{"embeddable":true,"href":"https:\/\/educacaointegral.org.br\/especiais\/rotas-e-redes-literarias-santa-rita\/wp-json\/wp\/v2\/comments?post=30"}],"version-history":[{"count":68,"href":"https:\/\/educacaointegral.org.br\/especiais\/rotas-e-redes-literarias-santa-rita\/wp-json\/wp\/v2\/pages\/30\/revisions"}],"predecessor-version":[{"id":618,"href":"https:\/\/educacaointegral.org.br\/especiais\/rotas-e-redes-literarias-santa-rita\/wp-json\/wp\/v2\/pages\/30\/revisions\/618"}],"up":[{"embeddable":true,"href":"https:\/\/educacaointegral.org.br\/especiais\/rotas-e-redes-literarias-santa-rita\/wp-json\/wp\/v2\/pages\/19"}],"wp:featuredmedia":[{"embeddable":true,"href":"https:\/\/educacaointegral.org.br\/especiais\/rotas-e-redes-literarias-santa-rita\/wp-json\/wp\/v2\/media\/198"}],"wp:attachment":[{"href":"https:\/\/educacaointegral.org.br\/especiais\/rotas-e-redes-literarias-santa-rita\/wp-json\/wp\/v2\/media?parent=30"}],"curies":[{"name":"wp","href":"https:\/\/api.w.org\/{rel}","templated":true}]}}