{"id":2,"date":"2019-10-09T16:50:25","date_gmt":"2019-10-09T19:50:25","guid":{"rendered":"https:\/\/educacaointegral.org.br\/especiais\/5-anos-do-pne\/?page_id=2"},"modified":"2019-11-25T14:04:14","modified_gmt":"2019-11-25T16:04:14","slug":"sobre-o-especial","status":"publish","type":"page","link":"https:\/\/educacaointegral.org.br\/especiais\/5-anos-do-pne\/sobre-o-especial\/","title":{"rendered":"Sobre o especial"},"content":{"rendered":"\n<p>Em 2019, o <strong>Plano Nacional de Educa\u00e7\u00e3o (PNE)&nbsp;<\/strong>completa cinco anos de vig\u00eancia \u2013 e tamb\u00e9m de descumprimento. Das 20 metas elaboradas para aprimorar a qualidade da educa\u00e7\u00e3o no pa\u00eds, apenas quatro tiveram avan\u00e7os parciais. O restante caminha a passos lentos, o que torna a efetiva\u00e7\u00e3o do<a href=\"https:\/\/educacaointegral.org.br\/reportagens\/desvendando-pne\/\">&nbsp;PNE<\/a>&nbsp;ao fim de 2024 uma realidade cada vez mais improv\u00e1vel. <\/p>\n\n\n\n<p> Mas, afinal, quais s\u00e3o os obst\u00e1culos que inviabilizam seu cumprimento?<br><br>O <strong>Centro de Refer\u00eancias em Educa\u00e7\u00e3o Integral <\/strong>convidou especialistas e parceiros para analisar o plano, o cen\u00e1rio atual e suas perspectivas de efetiva\u00e7\u00e3o.<br><br>Aprovado pelo Congresso Nacional, em 2014, ap\u00f3s um longo debate, o PNE estabelece as metas que devem ser cumpridas pela Uni\u00e3o, estados e munic\u00edpios com o objetivo de garantir uma educa\u00e7\u00e3o universalizada e de qualidade no pa\u00eds.  <\/p>\n\n\n\n<p><\/p>\n\n\n\n<p><\/p>\n\n\n\n<p><br><br><br><\/p>\n","protected":false},"excerpt":{"rendered":"<p>O Centro de Refer\u00eancias em Educa\u00e7\u00e3o Integral convidou especialistas e parceiros para analisar o Plano Nacional de Educa\u00e7\u00e3o (PNE), cen\u00e1rio atual suas perspectivas de efetiva\u00e7\u00e3o.<\/p>\n","protected":false},"author":1,"featured_media":0,"parent":0,"menu_order":0,"comment_status":"closed","ping_status":"open","template":"","meta":[],"yoast_head":"<!-- This site is optimized with the Yoast SEO plugin v19.13 - https:\/\/yoast.com\/wordpress\/plugins\/seo\/ -->\n<title>Sobre o especial - 5 Anos do PNE<\/title>\n<meta name=\"description\" content=\"O Centro de Refer\u00eancias em Educa\u00e7\u00e3o Integral convidou especialistas e parceiros para analisar o PNE, o cen\u00e1rio atual suas perspectivas de efetiva\u00e7\u00e3o.\" \/>\n<meta name=\"robots\" content=\"index, follow, max-snippet:-1, max-image-preview:large, max-video-preview:-1\" \/>\n<link rel=\"canonical\" href=\"https:\/\/educacaointegral.org.br\/especiais\/5-anos-do-pne\/sobre-o-especial\/\" \/>\n<meta property=\"og:locale\" content=\"pt_BR\" \/>\n<meta property=\"og:type\" content=\"article\" \/>\n<meta property=\"og:title\" content=\"Sobre o especial - 5 Anos do PNE\" \/>\n<meta property=\"og:description\" content=\"O Centro de Refer\u00eancias em Educa\u00e7\u00e3o Integral convidou especialistas e parceiros para analisar o PNE, o cen\u00e1rio atual suas perspectivas de efetiva\u00e7\u00e3o.\" \/>\n<meta property=\"og:url\" content=\"https:\/\/educacaointegral.org.br\/especiais\/5-anos-do-pne\/sobre-o-especial\/\" \/>\n<meta property=\"og:site_name\" content=\"5 Anos do PNE\" \/>\n<meta property=\"article:modified_time\" content=\"2019-11-25T16:04:14+00:00\" \/>\n<meta name=\"twitter:card\" content=\"summary_large_image\" \/>\n<meta name=\"twitter:label1\" content=\"Est. tempo de leitura\" \/>\n\t<meta name=\"twitter:data1\" content=\"1 minuto\" \/>\n<script type=\"application\/ld+json\" class=\"yoast-schema-graph\">{\"@context\":\"https:\/\/schema.org\",\"@graph\":[{\"@type\":\"WebPage\",\"@id\":\"https:\/\/educacaointegral.org.br\/especiais\/5-anos-do-pne\/sobre-o-especial\/\",\"url\":\"https:\/\/educacaointegral.org.br\/especiais\/5-anos-do-pne\/sobre-o-especial\/\",\"name\":\"Sobre o especial - 5 Anos do PNE\",\"isPartOf\":{\"@id\":\"https:\/\/educacaointegral.org.br\/especiais\/5-anos-do-pne\/#website\"},\"datePublished\":\"2019-10-09T19:50:25+00:00\",\"dateModified\":\"2019-11-25T16:04:14+00:00\",\"description\":\"O Centro de Refer\u00eancias em Educa\u00e7\u00e3o Integral convidou especialistas e parceiros para analisar o PNE, o cen\u00e1rio atual suas perspectivas de efetiva\u00e7\u00e3o.\",\"breadcrumb\":{\"@id\":\"https:\/\/educacaointegral.org.br\/especiais\/5-anos-do-pne\/sobre-o-especial\/#breadcrumb\"},\"inLanguage\":\"pt-BR\",\"potentialAction\":[{\"@type\":\"ReadAction\",\"target\":[\"https:\/\/educacaointegral.org.br\/especiais\/5-anos-do-pne\/sobre-o-especial\/\"]}]},{\"@type\":\"BreadcrumbList\",\"@id\":\"https:\/\/educacaointegral.org.br\/especiais\/5-anos-do-pne\/sobre-o-especial\/#breadcrumb\",\"itemListElement\":[{\"@type\":\"ListItem\",\"position\":1,\"name\":\"Home\",\"item\":\"https:\/\/educacaointegral.org.br\/especiais\/5-anos-do-pne\/\"},{\"@type\":\"ListItem\",\"position\":2,\"name\":\"Sobre o especial\"}]},{\"@type\":\"WebSite\",\"@id\":\"https:\/\/educacaointegral.org.br\/especiais\/5-anos-do-pne\/#website\",\"url\":\"https:\/\/educacaointegral.org.br\/especiais\/5-anos-do-pne\/\",\"name\":\"5 Anos do PNE\",\"description\":\"S\u00f3 mais um site Centro de Refer\u00eancias em Educa\u00e7\u00e3o Integral | Especiais sites\",\"potentialAction\":[{\"@type\":\"SearchAction\",\"target\":{\"@type\":\"EntryPoint\",\"urlTemplate\":\"https:\/\/educacaointegral.org.br\/especiais\/5-anos-do-pne\/?s={search_term_string}\"},\"query-input\":\"required name=search_term_string\"}],\"inLanguage\":\"pt-BR\"}]}<\/script>\n<!-- \/ Yoast SEO plugin. -->","yoast_head_json":{"title":"Sobre o especial - 5 Anos do PNE","description":"O Centro de Refer\u00eancias em Educa\u00e7\u00e3o Integral convidou especialistas e parceiros para analisar o PNE, o cen\u00e1rio atual suas perspectivas de efetiva\u00e7\u00e3o.","robots":{"index":"index","follow":"follow","max-snippet":"max-snippet:-1","max-image-preview":"max-image-preview:large","max-video-preview":"max-video-preview:-1"},"canonical":"https:\/\/educacaointegral.org.br\/especiais\/5-anos-do-pne\/sobre-o-especial\/","og_locale":"pt_BR","og_type":"article","og_title":"Sobre o especial - 5 Anos do PNE","og_description":"O Centro de Refer\u00eancias em Educa\u00e7\u00e3o Integral convidou especialistas e parceiros para analisar o PNE, o cen\u00e1rio atual suas perspectivas de efetiva\u00e7\u00e3o.","og_url":"https:\/\/educacaointegral.org.br\/especiais\/5-anos-do-pne\/sobre-o-especial\/","og_site_name":"5 Anos do PNE","article_modified_time":"2019-11-25T16:04:14+00:00","twitter_card":"summary_large_image","twitter_misc":{"Est. tempo de leitura":"1 minuto"},"schema":{"@context":"https:\/\/schema.org","@graph":[{"@type":"WebPage","@id":"https:\/\/educacaointegral.org.br\/especiais\/5-anos-do-pne\/sobre-o-especial\/","url":"https:\/\/educacaointegral.org.br\/especiais\/5-anos-do-pne\/sobre-o-especial\/","name":"Sobre o especial - 5 Anos do PNE","isPartOf":{"@id":"https:\/\/educacaointegral.org.br\/especiais\/5-anos-do-pne\/#website"},"datePublished":"2019-10-09T19:50:25+00:00","dateModified":"2019-11-25T16:04:14+00:00","description":"O Centro de Refer\u00eancias em Educa\u00e7\u00e3o Integral convidou especialistas e parceiros para analisar o PNE, o cen\u00e1rio atual suas perspectivas de efetiva\u00e7\u00e3o.","breadcrumb":{"@id":"https:\/\/educacaointegral.org.br\/especiais\/5-anos-do-pne\/sobre-o-especial\/#breadcrumb"},"inLanguage":"pt-BR","potentialAction":[{"@type":"ReadAction","target":["https:\/\/educacaointegral.org.br\/especiais\/5-anos-do-pne\/sobre-o-especial\/"]}]},{"@type":"BreadcrumbList","@id":"https:\/\/educacaointegral.org.br\/especiais\/5-anos-do-pne\/sobre-o-especial\/#breadcrumb","itemListElement":[{"@type":"ListItem","position":1,"name":"Home","item":"https:\/\/educacaointegral.org.br\/especiais\/5-anos-do-pne\/"},{"@type":"ListItem","position":2,"name":"Sobre o especial"}]},{"@type":"WebSite","@id":"https:\/\/educacaointegral.org.br\/especiais\/5-anos-do-pne\/#website","url":"https:\/\/educacaointegral.org.br\/especiais\/5-anos-do-pne\/","name":"5 Anos do PNE","description":"S\u00f3 mais um site Centro de Refer\u00eancias em Educa\u00e7\u00e3o Integral | Especiais sites","potentialAction":[{"@type":"SearchAction","target":{"@type":"EntryPoint","urlTemplate":"https:\/\/educacaointegral.org.br\/especiais\/5-anos-do-pne\/?s={search_term_string}"},"query-input":"required name=search_term_string"}],"inLanguage":"pt-BR"}]}},"_links":{"self":[{"href":"https:\/\/educacaointegral.org.br\/especiais\/5-anos-do-pne\/wp-json\/wp\/v2\/pages\/2"}],"collection":[{"href":"https:\/\/educacaointegral.org.br\/especiais\/5-anos-do-pne\/wp-json\/wp\/v2\/pages"}],"about":[{"href":"https:\/\/educacaointegral.org.br\/especiais\/5-anos-do-pne\/wp-json\/wp\/v2\/types\/page"}],"author":[{"embeddable":true,"href":"https:\/\/educacaointegral.org.br\/especiais\/5-anos-do-pne\/wp-json\/wp\/v2\/users\/1"}],"replies":[{"embeddable":true,"href":"https:\/\/educacaointegral.org.br\/especiais\/5-anos-do-pne\/wp-json\/wp\/v2\/comments?post=2"}],"version-history":[{"count":9,"href":"https:\/\/educacaointegral.org.br\/especiais\/5-anos-do-pne\/wp-json\/wp\/v2\/pages\/2\/revisions"}],"predecessor-version":[{"id":163,"href":"https:\/\/educacaointegral.org.br\/especiais\/5-anos-do-pne\/wp-json\/wp\/v2\/pages\/2\/revisions\/163"}],"wp:attachment":[{"href":"https:\/\/educacaointegral.org.br\/especiais\/5-anos-do-pne\/wp-json\/wp\/v2\/media?parent=2"}],"curies":[{"name":"wp","href":"https:\/\/api.w.org\/{rel}","templated":true}]}}